{"id":61111,"date":"2021-02-16T11:04:21","date_gmt":"2021-02-16T09:04:21","guid":{"rendered":"https:\/\/dev.tactic.net\/tuote\/jag-hor-sma-vanner-pa-vag\/"},"modified":"2021-06-23T09:28:03","modified_gmt":"2021-06-23T06:28:03","slug":"jag-hor-sma-vanner-pa-vag","status":"archive","type":"product","link":"https:\/\/games.tactic.net\/sv\/tuote\/jag-hor-sma-vanner-pa-vag\/","title":{"rendered":"Jag h\u00f6r&#8230; Sm\u00e5 v\u00e4nner p\u00e5 v\u00e4g"},"content":{"rendered":"<p>Kommer du ih\u00e5g hur alla de h\u00e4r fordonen och<br \/>\nfarkosterna l\u00e5ter?<br \/>\n\u2022 6 olika ljud<br \/>\n\u2022 Kraftig kartong, rundade kanter<\/p>\n","protected":false},"excerpt":{"rendered":"<p>Kommer du ih\u00e5g hur alla de h\u00e4r fordonen och<br \/>\nfarkosterna l\u00e5ter?<br \/>\n\u2022 6 olika ljud<br \/>\n\u2022 Kraftig kartong, rundade kanter<\/p>\n","protected":false},"featured_media":0,"template":"","meta":{"content-type":"","_monsterinsights_skip_tracking":false,"_monsterinsights_sitenote_active":false,"_monsterinsights_sitenote_note":"","_monsterinsights_sitenote_category":0},"product_brand":[],"product_cat":[820],"product_tag":[],"brand":[],"target-group":[],"discontinued":[],"class_list":{"0":"post-61111","1":"product","2":"type-product","3":"status-archive","5":"product_cat-pekbocker-och-bilderbocker","7":"first","8":"outofstock","9":"taxable","10":"shipping-taxable","11":"product-type-simple"},"aioseo_notices":[],"_links":{"self":[{"href":"https:\/\/games.tactic.net\/sv\/wp-json\/wp\/v2\/product\/61111","targetHints":{"allow":["GET"]}}],"collection":[{"href":"https:\/\/games.tactic.net\/sv\/wp-json\/wp\/v2\/product"}],"about":[{"href":"https:\/\/games.tactic.net\/sv\/wp-json\/wp\/v2\/types\/product"}],"wp:attachment":[{"href":"https:\/\/games.tactic.net\/sv\/wp-json\/wp\/v2\/media?parent=61111"}],"wp:term":[{"taxonomy":"product_brand","embeddable":true,"href":"https:\/\/games.tactic.net\/sv\/wp-json\/wp\/v2\/product_brand?post=61111"},{"taxonomy":"product_cat","embeddable":true,"href":"https:\/\/games.tactic.net\/sv\/wp-json\/wp\/v2\/product_cat?post=61111"},{"taxonomy":"product_tag","embeddable":true,"href":"https:\/\/games.tactic.net\/sv\/wp-json\/wp\/v2\/product_tag?post=61111"},{"taxonomy":"brand","embeddable":true,"href":"https:\/\/games.tactic.net\/sv\/wp-json\/wp\/v2\/brand?post=61111"},{"taxonomy":"target-group","embeddable":true,"href":"https:\/\/games.tactic.net\/sv\/wp-json\/wp\/v2\/target-group?post=61111"},{"taxonomy":"discontinued","embeddable":true,"href":"https:\/\/games.tactic.net\/sv\/wp-json\/wp\/v2\/discontinued?post=61111"}],"curies":[{"name":"wp","href":"https:\/\/api.w.org\/{rel}","templated":true}]}}