{"id":61080,"date":"2021-02-16T11:04:15","date_gmt":"2021-02-16T09:04:15","guid":{"rendered":"https:\/\/dev.tactic.net\/tuote\/vem-vet-mest\/"},"modified":"2022-01-10T15:22:10","modified_gmt":"2022-01-10T13:22:10","slug":"vem-vet-mest","status":"publish","type":"product","link":"https:\/\/games.tactic.net\/sv\/tuote\/vem-vet-mest\/","title":{"rendered":"Tactic Vem Vet Mest? board game"},"content":{"rendered":"<p>Nu kan du spela det enormt popul\u00e4ra TV-fr\u00e5gespelet i ditt eget vardagsrum! Spela genom rond 1 och rond 2 och f\u00f6rs\u00f6k samla mest po\u00e4ng i finalen. Bjud in dina v\u00e4nner och ta reda p\u00e5 vem som egentligen vet mest!<\/p>\n","protected":false},"excerpt":{"rendered":"<p>Nu kan du spela det enormt popul\u00e4ra TV-fr\u00e5gespelet i ditt eget vardagsrum! Spela genom rond 1 och rond 2 och f\u00f6rs\u00f6k samla mest po\u00e4ng i finalen. Bjud in dina v\u00e4nner och ta reda p\u00e5 vem som egentligen vet mest!<\/p>\n","protected":false},"featured_media":0,"template":"","meta":{"content-type":"","_monsterinsights_skip_tracking":false,"_monsterinsights_sitenote_active":false,"_monsterinsights_sitenote_note":"","_monsterinsights_sitenote_category":0},"product_brand":[],"product_cat":[1540],"product_tag":[849],"brand":[],"target-group":[],"discontinued":[],"class_list":{"0":"post-61080","1":"product","2":"type-product","3":"status-publish","5":"product_cat-partyspel","6":"product_tag-kunskap","8":"first","9":"instock","10":"taxable","11":"shipping-taxable","12":"product-type-simple"},"aioseo_notices":[],"_links":{"self":[{"href":"https:\/\/games.tactic.net\/sv\/wp-json\/wp\/v2\/product\/61080","targetHints":{"allow":["GET"]}}],"collection":[{"href":"https:\/\/games.tactic.net\/sv\/wp-json\/wp\/v2\/product"}],"about":[{"href":"https:\/\/games.tactic.net\/sv\/wp-json\/wp\/v2\/types\/product"}],"wp:attachment":[{"href":"https:\/\/games.tactic.net\/sv\/wp-json\/wp\/v2\/media?parent=61080"}],"wp:term":[{"taxonomy":"product_brand","embeddable":true,"href":"https:\/\/games.tactic.net\/sv\/wp-json\/wp\/v2\/product_brand?post=61080"},{"taxonomy":"product_cat","embeddable":true,"href":"https:\/\/games.tactic.net\/sv\/wp-json\/wp\/v2\/product_cat?post=61080"},{"taxonomy":"product_tag","embeddable":true,"href":"https:\/\/games.tactic.net\/sv\/wp-json\/wp\/v2\/product_tag?post=61080"},{"taxonomy":"brand","embeddable":true,"href":"https:\/\/games.tactic.net\/sv\/wp-json\/wp\/v2\/brand?post=61080"},{"taxonomy":"target-group","embeddable":true,"href":"https:\/\/games.tactic.net\/sv\/wp-json\/wp\/v2\/target-group?post=61080"},{"taxonomy":"discontinued","embeddable":true,"href":"https:\/\/games.tactic.net\/sv\/wp-json\/wp\/v2\/discontinued?post=61080"}],"curies":[{"name":"wp","href":"https:\/\/api.w.org\/{rel}","templated":true}]}}