{"id":61008,"date":"2021-02-16T11:04:06","date_gmt":"2021-02-16T09:04:06","guid":{"rendered":"https:\/\/dev.tactic.net\/tuote\/top-magic-fun-trix\/"},"modified":"2022-01-25T10:47:25","modified_gmt":"2022-01-25T08:47:25","slug":"top-magic-fun-trix","status":"archive","type":"product","link":"https:\/\/games.tactic.net\/sv\/tuote\/top-magic-fun-trix\/","title":{"rendered":"Top Magic Fun Trix"},"content":{"rendered":"<p><font face=\"times new roman\">Om du \u00e4r intresserad av magi och trolleri, s\u00e5 kan denna l\u00e5da med enkla trix hj\u00e4lpa dig att bli en fantastisk trollkarl!<\/font><\/p>\n<div><font face=\"times new roman\"><br \/><\/font><\/div>\n<div>\n<div class=\"page\" title=\"Page 24\">\n<div class=\"section\">\n<div class=\"layoutArea\">\n<div class=\"column\">\n<p><span><font face=\"times new roman\">\u2022 Inneh\u00e5ller tydliga instruktioner p\u00e5 \u00f6ver 20 tricks.<br \/>\n<\/font><\/span><\/p>\n<p><span><font face=\"times new roman\">Denna l\u00e5da \u00e4r perfekt f\u00f6r blivande magiker!<\/font><\/span><\/p>\n<\/p><\/div>\n<\/p><\/div>\n<\/p><\/div>\n<\/p><\/div>\n<\/div>\n","protected":false},"excerpt":{"rendered":"<p>Om du \u00e4r intresserad av magi och trolleri, s\u00e5 kan denna l\u00e5da med enkla trix hj\u00e4lpa dig att bli en fantastisk trollkarl!<\/p>\n","protected":false},"featured_media":0,"template":"","meta":{"content-type":"","_monsterinsights_skip_tracking":false,"_monsterinsights_sitenote_active":false,"_monsterinsights_sitenote_note":"","_monsterinsights_sitenote_category":0},"product_brand":[],"product_cat":[1616],"product_tag":[],"brand":[],"target-group":[],"discontinued":[],"class_list":{"0":"post-61008","1":"product","2":"type-product","3":"status-archive","5":"product_cat-magiska-trick-och-skamt","7":"first","8":"outofstock","9":"taxable","10":"shipping-taxable","11":"product-type-simple"},"aioseo_notices":[],"_links":{"self":[{"href":"https:\/\/games.tactic.net\/sv\/wp-json\/wp\/v2\/product\/61008","targetHints":{"allow":["GET"]}}],"collection":[{"href":"https:\/\/games.tactic.net\/sv\/wp-json\/wp\/v2\/product"}],"about":[{"href":"https:\/\/games.tactic.net\/sv\/wp-json\/wp\/v2\/types\/product"}],"wp:attachment":[{"href":"https:\/\/games.tactic.net\/sv\/wp-json\/wp\/v2\/media?parent=61008"}],"wp:term":[{"taxonomy":"product_brand","embeddable":true,"href":"https:\/\/games.tactic.net\/sv\/wp-json\/wp\/v2\/product_brand?post=61008"},{"taxonomy":"product_cat","embeddable":true,"href":"https:\/\/games.tactic.net\/sv\/wp-json\/wp\/v2\/product_cat?post=61008"},{"taxonomy":"product_tag","embeddable":true,"href":"https:\/\/games.tactic.net\/sv\/wp-json\/wp\/v2\/product_tag?post=61008"},{"taxonomy":"brand","embeddable":true,"href":"https:\/\/games.tactic.net\/sv\/wp-json\/wp\/v2\/brand?post=61008"},{"taxonomy":"target-group","embeddable":true,"href":"https:\/\/games.tactic.net\/sv\/wp-json\/wp\/v2\/target-group?post=61008"},{"taxonomy":"discontinued","embeddable":true,"href":"https:\/\/games.tactic.net\/sv\/wp-json\/wp\/v2\/discontinued?post=61008"}],"curies":[{"name":"wp","href":"https:\/\/api.w.org\/{rel}","templated":true}]}}