{"id":61007,"date":"2021-02-16T11:04:02","date_gmt":"2021-02-16T09:04:02","guid":{"rendered":"https:\/\/dev.tactic.net\/tuote\/top-magic-amazing-trix\/"},"modified":"2022-03-22T13:08:38","modified_gmt":"2022-03-22T11:08:38","slug":"top-magic-amazing-trix","status":"archive","type":"product","link":"https:\/\/games.tactic.net\/sv\/tuote\/top-magic-amazing-trix\/","title":{"rendered":"Top Magic Amazing Trix"},"content":{"rendered":"<p><font face=\"times new roman\">Bli en duktig trollkarl med hj\u00e4lp av detta fantastiska set. Tydliga instruktioner och f\u00f6rtrollade saker till sm\u00e5 trollkarlsaspiranter.<\/font><\/p>\n<div><font face=\"times new roman\"><br \/><\/font><\/div>\n<div>\n<div class=\"page\" title=\"Page 24\">\n<div class=\"section\">\n<div class=\"layoutArea\">\n<div class=\"column\">\n<div class=\"page\" title=\"Page 24\">\n<div class=\"section\">\n<div class=\"layoutArea\">\n<div class=\"column\">\n<ul>\n<li><span><font face=\"times new roman\">Illustrerade instruktioner.<\/font><\/span><\/li>\n<li>\n<p><font face=\"times new roman\">\u00d6ver 20 olika trick.<br \/>\n<\/font><\/p>\n<\/li>\n<li>\n<p><font face=\"times new roman\">F\u00f6r den lilla trollkarlen.<\/font><\/p>\n<\/li>\n<\/ul><\/div>\n<\/p><\/div>\n<\/p><\/div>\n<\/p><\/div>\n<p><span style=\"font-size: 9pt;font-family: MyriadPro\"><\/span><\/p>\n<\/p><\/div>\n<\/p><\/div>\n<\/p><\/div>\n<\/p><\/div>\n<\/div>\n<div>\n<div class=\"page\" title=\"Page 24\">\n<div class=\"section\">\n<div class=\"layoutArea\">\n<div class=\"column\">\n\t\t\t\t\t<\/div>\n<\/p><\/div>\n<\/p><\/div>\n<\/p><\/div>\n<\/div>\n","protected":false},"excerpt":{"rendered":"<p><font face=\"times new roman\">Bli en duktig trollkarl med hj\u00e4lp av detta fantastiska set. Tydliga instruktioner och f\u00f6rtrollade saker till sm\u00e5 trollkarlsaspiranter.<\/font><\/p>\n","protected":false},"featured_media":0,"template":"","meta":{"content-type":"","_monsterinsights_skip_tracking":false,"_monsterinsights_sitenote_active":false,"_monsterinsights_sitenote_note":"","_monsterinsights_sitenote_category":0},"product_brand":[],"product_cat":[1616],"product_tag":[],"brand":[],"target-group":[],"discontinued":[],"class_list":{"0":"post-61007","1":"product","2":"type-product","3":"status-archive","5":"product_cat-magiska-trick-och-skamt","7":"first","8":"outofstock","9":"taxable","10":"shipping-taxable","11":"product-type-simple"},"aioseo_notices":[],"_links":{"self":[{"href":"https:\/\/games.tactic.net\/sv\/wp-json\/wp\/v2\/product\/61007","targetHints":{"allow":["GET"]}}],"collection":[{"href":"https:\/\/games.tactic.net\/sv\/wp-json\/wp\/v2\/product"}],"about":[{"href":"https:\/\/games.tactic.net\/sv\/wp-json\/wp\/v2\/types\/product"}],"wp:attachment":[{"href":"https:\/\/games.tactic.net\/sv\/wp-json\/wp\/v2\/media?parent=61007"}],"wp:term":[{"taxonomy":"product_brand","embeddable":true,"href":"https:\/\/games.tactic.net\/sv\/wp-json\/wp\/v2\/product_brand?post=61007"},{"taxonomy":"product_cat","embeddable":true,"href":"https:\/\/games.tactic.net\/sv\/wp-json\/wp\/v2\/product_cat?post=61007"},{"taxonomy":"product_tag","embeddable":true,"href":"https:\/\/games.tactic.net\/sv\/wp-json\/wp\/v2\/product_tag?post=61007"},{"taxonomy":"brand","embeddable":true,"href":"https:\/\/games.tactic.net\/sv\/wp-json\/wp\/v2\/brand?post=61007"},{"taxonomy":"target-group","embeddable":true,"href":"https:\/\/games.tactic.net\/sv\/wp-json\/wp\/v2\/target-group?post=61007"},{"taxonomy":"discontinued","embeddable":true,"href":"https:\/\/games.tactic.net\/sv\/wp-json\/wp\/v2\/discontinued?post=61007"}],"curies":[{"name":"wp","href":"https:\/\/api.w.org\/{rel}","templated":true}]}}