{"id":61005,"date":"2021-02-16T11:03:56","date_gmt":"2021-02-16T09:03:56","guid":{"rendered":"https:\/\/dev.tactic.net\/tuote\/fragespelet-om-sverige\/"},"modified":"2023-10-25T16:02:14","modified_gmt":"2023-10-25T13:02:14","slug":"fragespelet-om-sverige","status":"publish","type":"product","link":"https:\/\/games.tactic.net\/sv\/tuote\/fragespelet-om-sverige\/","title":{"rendered":"Tactic Sverige Fr\u00e5gespel"},"content":{"rendered":"<p>Ny och sp\u00e4nnande version med utvecklad spelid\u00e9 och \u00e4nnu fler underh\u00e5llande fr\u00e5gor. Alla spelar samtidigt, och det finns flera svar att v\u00e4lja mellan.<\/p>\n","protected":false},"excerpt":{"rendered":"<p>Ny och sp\u00e4nnande version med utvecklad spelid\u00e9 och \u00e4nnu fler underh\u00e5llande fr\u00e5gor. Alla spelar samtidigt, och det finns flera svar att v\u00e4lja mellan.<\/p>\n","protected":false},"featured_media":0,"template":"","meta":{"content-type":"","_monsterinsights_skip_tracking":false,"_monsterinsights_sitenote_active":false,"_monsterinsights_sitenote_note":"","_monsterinsights_sitenote_category":0},"product_brand":[],"product_cat":[1523,1524],"product_tag":[849,1254],"brand":[],"target-group":[],"discontinued":[],"class_list":{"0":"post-61005","1":"product","2":"type-product","3":"status-publish","5":"product_cat-fragespel-vuxenspel","6":"product_cat-fragespel-familjespel","7":"product_tag-kunskap","8":"product_tag-pedagogisk-sv","10":"first","11":"instock","12":"taxable","13":"shipping-taxable","14":"product-type-simple"},"aioseo_notices":[],"_links":{"self":[{"href":"https:\/\/games.tactic.net\/sv\/wp-json\/wp\/v2\/product\/61005","targetHints":{"allow":["GET"]}}],"collection":[{"href":"https:\/\/games.tactic.net\/sv\/wp-json\/wp\/v2\/product"}],"about":[{"href":"https:\/\/games.tactic.net\/sv\/wp-json\/wp\/v2\/types\/product"}],"wp:attachment":[{"href":"https:\/\/games.tactic.net\/sv\/wp-json\/wp\/v2\/media?parent=61005"}],"wp:term":[{"taxonomy":"product_brand","embeddable":true,"href":"https:\/\/games.tactic.net\/sv\/wp-json\/wp\/v2\/product_brand?post=61005"},{"taxonomy":"product_cat","embeddable":true,"href":"https:\/\/games.tactic.net\/sv\/wp-json\/wp\/v2\/product_cat?post=61005"},{"taxonomy":"product_tag","embeddable":true,"href":"https:\/\/games.tactic.net\/sv\/wp-json\/wp\/v2\/product_tag?post=61005"},{"taxonomy":"brand","embeddable":true,"href":"https:\/\/games.tactic.net\/sv\/wp-json\/wp\/v2\/brand?post=61005"},{"taxonomy":"target-group","embeddable":true,"href":"https:\/\/games.tactic.net\/sv\/wp-json\/wp\/v2\/target-group?post=61005"},{"taxonomy":"discontinued","embeddable":true,"href":"https:\/\/games.tactic.net\/sv\/wp-json\/wp\/v2\/discontinued?post=61005"}],"curies":[{"name":"wp","href":"https:\/\/api.w.org\/{rel}","templated":true}]}}