{"id":60975,"date":"2021-02-16T11:03:47","date_gmt":"2021-02-16T09:03:47","guid":{"rendered":"https:\/\/dev.tactic.net\/tuote\/maskinhall\/"},"modified":"2022-10-25T15:35:22","modified_gmt":"2022-10-25T12:35:22","slug":"maskinhall","status":"archive","type":"product","link":"https:\/\/games.tactic.net\/sv\/tuote\/maskinhall\/","title":{"rendered":"Maskinhall"},"content":{"rendered":"<p>Hallen kan anv\u00e4ndas f\u00f6r alla entreprenadmaskiner upp till 24 cm h\u00f6jd &#8211; jordbruksmaskiner, sl\u00e4pvagnar och redskap. Moduluppbyggnaden g\u00f6r att man kan ta av taksektioner f\u00f6r att flytta fordon och figurer in i hallen vid lek utan att beh\u00f6va \u00f6ppna d\u00f6rrarna.<\/p>\n","protected":false},"excerpt":{"rendered":"<p>Hallen kan anv\u00e4ndas f\u00f6r alla entreprenadmaskiner upp till 24 cm h\u00f6jd &#8211; jordbruksmaskiner, sl\u00e4pvagnar och redskap. Moduluppbyggnaden g\u00f6r att man kan ta av taksektioner f\u00f6r att flytta fordon och figurer in i hallen vid lek utan att beh\u00f6va \u00f6ppna d\u00f6rrarna.<\/p>\n","protected":false},"featured_media":0,"template":"","meta":{"content-type":"","_monsterinsights_skip_tracking":false,"_monsterinsights_sitenote_active":false,"_monsterinsights_sitenote_note":"","_monsterinsights_sitenote_category":0},"product_brand":[],"product_cat":[823],"product_tag":[],"brand":[],"target-group":[],"discontinued":[],"class_list":{"0":"post-60975","1":"product","2":"type-product","3":"status-archive","5":"product_cat-bruder","7":"first","8":"outofstock","9":"taxable","10":"shipping-taxable","11":"product-type-simple"},"aioseo_notices":[],"_links":{"self":[{"href":"https:\/\/games.tactic.net\/sv\/wp-json\/wp\/v2\/product\/60975","targetHints":{"allow":["GET"]}}],"collection":[{"href":"https:\/\/games.tactic.net\/sv\/wp-json\/wp\/v2\/product"}],"about":[{"href":"https:\/\/games.tactic.net\/sv\/wp-json\/wp\/v2\/types\/product"}],"wp:attachment":[{"href":"https:\/\/games.tactic.net\/sv\/wp-json\/wp\/v2\/media?parent=60975"}],"wp:term":[{"taxonomy":"product_brand","embeddable":true,"href":"https:\/\/games.tactic.net\/sv\/wp-json\/wp\/v2\/product_brand?post=60975"},{"taxonomy":"product_cat","embeddable":true,"href":"https:\/\/games.tactic.net\/sv\/wp-json\/wp\/v2\/product_cat?post=60975"},{"taxonomy":"product_tag","embeddable":true,"href":"https:\/\/games.tactic.net\/sv\/wp-json\/wp\/v2\/product_tag?post=60975"},{"taxonomy":"brand","embeddable":true,"href":"https:\/\/games.tactic.net\/sv\/wp-json\/wp\/v2\/brand?post=60975"},{"taxonomy":"target-group","embeddable":true,"href":"https:\/\/games.tactic.net\/sv\/wp-json\/wp\/v2\/target-group?post=60975"},{"taxonomy":"discontinued","embeddable":true,"href":"https:\/\/games.tactic.net\/sv\/wp-json\/wp\/v2\/discontinued?post=60975"}],"curies":[{"name":"wp","href":"https:\/\/api.w.org\/{rel}","templated":true}]}}