{"id":60974,"date":"2021-02-16T11:03:43","date_gmt":"2021-02-16T09:03:43","guid":{"rendered":"https:\/\/dev.tactic.net\/tuote\/snoskoter-med-forare-och-tillbehor\/"},"modified":"2023-10-11T10:34:29","modified_gmt":"2023-10-11T07:34:29","slug":"snoskoter-med-forare-och-tillbehor","status":"publish","type":"product","link":"https:\/\/games.tactic.net\/sv\/tuote\/snoskoter-med-forare-och-tillbehor\/","title":{"rendered":"Bruder Sn\u00f6skoter med f\u00f6rare och tillbeh\u00f6r leksak"},"content":{"rendered":"<p>Bruder sn\u00f6skoter \u00e4r en leksak som f\u00f6rvandlar en helt vanlig vinterdag till ett sp\u00e4nnande \u00e4ventyr fullt av fart och fantasi. Ge dig ut i den sn\u00f6t\u00e4ckta naturen och tryck p\u00e5 gasen \u2013 tack vare sin utm\u00e4rkta man\u00f6vrerbarhet klarar sn\u00f6skotern \u00e4ven mer kr\u00e4vande och oj\u00e4mn terr\u00e4ng med l\u00e4tthet.<\/p>\n<p>Setet inneh\u00e5ller en f\u00f6rare samt tillh\u00f6rande skyddsutrustning, vilket g\u00f6r leken \u00e4nnu mer realistisk och s\u00e4kerhetsinriktad. Sn\u00f6skotern har dessutom plats f\u00f6r tv\u00e5 Bruder-figurer, vilket g\u00f6r det m\u00f6jligt f\u00f6r f\u00f6raren att enkelt ta med sig en v\u00e4n p\u00e5 \u00e4ventyret och uppleva vintern tillsammans.<\/p>\n","protected":false},"excerpt":{"rendered":"<p>BRUDER sn\u00f6skoter f\u00f6r vinterns \u00e4ventyr! L\u00e4ttstyrd \u00e4ven i tuff terr\u00e4ng. Inkluderar f\u00f6rare med skyddsutrustning. Plats f\u00f6r tv\u00e5 figurer.<\/p>\n","protected":false},"featured_media":0,"template":"","meta":{"content-type":"","_monsterinsights_skip_tracking":false,"_monsterinsights_sitenote_active":false,"_monsterinsights_sitenote_note":"","_monsterinsights_sitenote_category":0},"product_brand":[],"product_cat":[823],"product_tag":[],"brand":[],"target-group":[],"discontinued":[],"class_list":{"0":"post-60974","1":"product","2":"type-product","3":"status-publish","5":"product_cat-bruder","7":"first","8":"instock","9":"taxable","10":"shipping-taxable","11":"product-type-simple"},"aioseo_notices":[],"_links":{"self":[{"href":"https:\/\/games.tactic.net\/sv\/wp-json\/wp\/v2\/product\/60974","targetHints":{"allow":["GET"]}}],"collection":[{"href":"https:\/\/games.tactic.net\/sv\/wp-json\/wp\/v2\/product"}],"about":[{"href":"https:\/\/games.tactic.net\/sv\/wp-json\/wp\/v2\/types\/product"}],"wp:attachment":[{"href":"https:\/\/games.tactic.net\/sv\/wp-json\/wp\/v2\/media?parent=60974"}],"wp:term":[{"taxonomy":"product_brand","embeddable":true,"href":"https:\/\/games.tactic.net\/sv\/wp-json\/wp\/v2\/product_brand?post=60974"},{"taxonomy":"product_cat","embeddable":true,"href":"https:\/\/games.tactic.net\/sv\/wp-json\/wp\/v2\/product_cat?post=60974"},{"taxonomy":"product_tag","embeddable":true,"href":"https:\/\/games.tactic.net\/sv\/wp-json\/wp\/v2\/product_tag?post=60974"},{"taxonomy":"brand","embeddable":true,"href":"https:\/\/games.tactic.net\/sv\/wp-json\/wp\/v2\/brand?post=60974"},{"taxonomy":"target-group","embeddable":true,"href":"https:\/\/games.tactic.net\/sv\/wp-json\/wp\/v2\/target-group?post=60974"},{"taxonomy":"discontinued","embeddable":true,"href":"https:\/\/games.tactic.net\/sv\/wp-json\/wp\/v2\/discontinued?post=60974"}],"curies":[{"name":"wp","href":"https:\/\/api.w.org\/{rel}","templated":true}]}}