{"id":60957,"date":"2021-02-16T11:03:38","date_gmt":"2021-02-16T09:03:38","guid":{"rendered":"https:\/\/dev.tactic.net\/tuote\/fyrhjuling-med-forare\/"},"modified":"2023-10-20T16:54:38","modified_gmt":"2023-10-20T13:54:38","slug":"fyrhjuling-med-forare","status":"publish","type":"product","link":"https:\/\/games.tactic.net\/sv\/tuote\/fyrhjuling-med-forare\/","title":{"rendered":"Bruder Fyrhjuling med f\u00f6rare leksak"},"content":{"rendered":"<p>En fyrhjuling kombinerar motorcykelns n\u00f6je med terr\u00e4ngfordonets flexibilitet. D\u00e4rf\u00f6r anv\u00e4nds de i skogsbruk, jordbruk, p\u00e5 byggplatser och f\u00f6r fritid \u2013 populariteten \u00f6kar st\u00e4ndigt. BRUDER:s quad har modern, h\u00f6gkvalitativ design som imponerar p\u00e5 och utanf\u00f6r v\u00e4gen. Fj\u00e4dring p\u00e5 b\u00e5da axlarna och styrbar framaxel ger precision \u00e4ven i sv\u00e5r terr\u00e4ng. Den fungerar \u00e4ven som arbetsfordon tack vare avtagbart paketh\u00e5llare, drag och verktygsh\u00e5llare. Tillsammans med bworld-figuren blir realismen total: hj\u00e4lm och modern skyddsv\u00e4st f\u00f6rst\u00e4rker offroad-k\u00e4nslan. Det fasta greppet om styret och en sportigt utformad sits ger kontroll \u00e4ven i h\u00f6g fart \u00f6ver oj\u00e4mn mark. Kraftigt frontskydd och bra d\u00e4ck s\u00e4tter pricken \u00f6ver i.<\/p>\n","protected":false},"excerpt":{"rendered":"<p>BRUDER fyrhjuling har modern design, fj\u00e4dring p\u00e5 b\u00e5da axlarna och styrbar framaxel. Inkluderar f\u00f6rare med hj\u00e4lm och skyddsv\u00e4st. F\u00f6r \u00e4ventyr p\u00e5 eller utanf\u00f6r v\u00e4gen.<\/p>\n","protected":false},"featured_media":0,"template":"","meta":{"content-type":"","_monsterinsights_skip_tracking":false,"_monsterinsights_sitenote_active":false,"_monsterinsights_sitenote_note":"","_monsterinsights_sitenote_category":0},"product_brand":[],"product_cat":[823],"product_tag":[],"brand":[],"target-group":[],"discontinued":[],"class_list":{"0":"post-60957","1":"product","2":"type-product","3":"status-publish","5":"product_cat-bruder","7":"first","8":"instock","9":"taxable","10":"shipping-taxable","11":"product-type-simple"},"aioseo_notices":[],"_links":{"self":[{"href":"https:\/\/games.tactic.net\/sv\/wp-json\/wp\/v2\/product\/60957","targetHints":{"allow":["GET"]}}],"collection":[{"href":"https:\/\/games.tactic.net\/sv\/wp-json\/wp\/v2\/product"}],"about":[{"href":"https:\/\/games.tactic.net\/sv\/wp-json\/wp\/v2\/types\/product"}],"wp:attachment":[{"href":"https:\/\/games.tactic.net\/sv\/wp-json\/wp\/v2\/media?parent=60957"}],"wp:term":[{"taxonomy":"product_brand","embeddable":true,"href":"https:\/\/games.tactic.net\/sv\/wp-json\/wp\/v2\/product_brand?post=60957"},{"taxonomy":"product_cat","embeddable":true,"href":"https:\/\/games.tactic.net\/sv\/wp-json\/wp\/v2\/product_cat?post=60957"},{"taxonomy":"product_tag","embeddable":true,"href":"https:\/\/games.tactic.net\/sv\/wp-json\/wp\/v2\/product_tag?post=60957"},{"taxonomy":"brand","embeddable":true,"href":"https:\/\/games.tactic.net\/sv\/wp-json\/wp\/v2\/brand?post=60957"},{"taxonomy":"target-group","embeddable":true,"href":"https:\/\/games.tactic.net\/sv\/wp-json\/wp\/v2\/target-group?post=60957"},{"taxonomy":"discontinued","embeddable":true,"href":"https:\/\/games.tactic.net\/sv\/wp-json\/wp\/v2\/discontinued?post=60957"}],"curies":[{"name":"wp","href":"https:\/\/api.w.org\/{rel}","templated":true}]}}