{"id":60956,"date":"2021-02-16T11:03:34","date_gmt":"2021-02-16T09:03:34","guid":{"rendered":"https:\/\/dev.tactic.net\/tuote\/brandkars-set-med-figur\/"},"modified":"2021-02-16T11:03:34","modified_gmt":"2021-02-16T09:03:34","slug":"brandkars-set-med-figur","status":"publish","type":"product","link":"https:\/\/games.tactic.net\/sv\/tuote\/brandkars-set-med-figur\/","title":{"rendered":"Brandk\u00e5rs-set med figur"},"content":{"rendered":"<p>Det h\u00e4r setet inneh\u00e5ller all basutrustning en brandman beh\u00f6ver; en uniform, skyddshj\u00e4lm med visir och handskar samt en gasmask med syrgastub. Den utdragbara belysningsmasten skapar perfekta f\u00f6ruts\u00e4ttningar f\u00f6r snabb r\u00e4ddningsinsats nattetid. En handlampa, en megafon, en signalskylt, varningstriangel, radio och brandsl\u00e4ckare \u00e4r ocks\u00e5 med.<\/p>\n","protected":false},"excerpt":{"rendered":"<p>Det h\u00e4r setet inneh\u00e5ller all basutrustning en brandman beh\u00f6ver; en uniform, skyddshj\u00e4lm med visir och handskar samt en gasmask med syrgastub. Den utdragbara belysningsmasten skapar perfekta f\u00f6ruts\u00e4ttningar f\u00f6r snabb r\u00e4ddningsinsats nattetid. En handlampa, en megafon, en signalskylt, varningstriangel, radio och brandsl\u00e4ckare \u00e4r ocks\u00e5 med.<\/p>\n","protected":false},"featured_media":0,"template":"","meta":{"content-type":"","_monsterinsights_skip_tracking":false,"_monsterinsights_sitenote_active":false,"_monsterinsights_sitenote_note":"","_monsterinsights_sitenote_category":0},"product_brand":[],"product_cat":[823],"product_tag":[],"brand":[],"target-group":[],"discontinued":[],"class_list":{"0":"post-60956","1":"product","2":"type-product","3":"status-publish","5":"product_cat-bruder","7":"first","8":"outofstock","9":"taxable","10":"shipping-taxable","11":"product-type-simple"},"aioseo_notices":[],"_links":{"self":[{"href":"https:\/\/games.tactic.net\/sv\/wp-json\/wp\/v2\/product\/60956","targetHints":{"allow":["GET"]}}],"collection":[{"href":"https:\/\/games.tactic.net\/sv\/wp-json\/wp\/v2\/product"}],"about":[{"href":"https:\/\/games.tactic.net\/sv\/wp-json\/wp\/v2\/types\/product"}],"wp:attachment":[{"href":"https:\/\/games.tactic.net\/sv\/wp-json\/wp\/v2\/media?parent=60956"}],"wp:term":[{"taxonomy":"product_brand","embeddable":true,"href":"https:\/\/games.tactic.net\/sv\/wp-json\/wp\/v2\/product_brand?post=60956"},{"taxonomy":"product_cat","embeddable":true,"href":"https:\/\/games.tactic.net\/sv\/wp-json\/wp\/v2\/product_cat?post=60956"},{"taxonomy":"product_tag","embeddable":true,"href":"https:\/\/games.tactic.net\/sv\/wp-json\/wp\/v2\/product_tag?post=60956"},{"taxonomy":"brand","embeddable":true,"href":"https:\/\/games.tactic.net\/sv\/wp-json\/wp\/v2\/brand?post=60956"},{"taxonomy":"target-group","embeddable":true,"href":"https:\/\/games.tactic.net\/sv\/wp-json\/wp\/v2\/target-group?post=60956"},{"taxonomy":"discontinued","embeddable":true,"href":"https:\/\/games.tactic.net\/sv\/wp-json\/wp\/v2\/discontinued?post=60956"}],"curies":[{"name":"wp","href":"https:\/\/api.w.org\/{rel}","templated":true}]}}