{"id":60955,"date":"2021-02-16T11:03:31","date_gmt":"2021-02-16T09:03:31","guid":{"rendered":"https:\/\/dev.tactic.net\/tuote\/skogsbruks-set-med-figur\/"},"modified":"2023-10-20T15:48:22","modified_gmt":"2023-10-20T12:48:22","slug":"skogsbruks-set-med-figur","status":"publish","type":"product","link":"https:\/\/games.tactic.net\/sv\/tuote\/skogsbruks-set-med-figur\/","title":{"rendered":"Bruder Skogsbruks-set med figur"},"content":{"rendered":"<p>Ett set med allt du beh\u00f6ver f\u00f6r att hugga ved; en motors\u00e5g, en vedklyv, en yxa och en hands\u00e5g finns f\u00f6r dessa uppgifter. Figuren \u00e4r utrustad med skyddsv\u00e4st och en skyddshj\u00e4lm med visir. Figuren kan tryggt h\u00e5lla i verktygen tack vare sina griph\u00e4nder.<\/p>\n","protected":false},"excerpt":{"rendered":"<p>Ett set med allt du beh\u00f6ver f\u00f6r att hugga ved; en motors\u00e5g, en vedklyv, en yxa och en hands\u00e5g finns f\u00f6r dessa uppgifter. Figuren \u00e4r utrustad med skyddsv\u00e4st och en skyddshj\u00e4lm med visir. Figuren kan tryggt h\u00e5lla i verktygen tack vare sina griph\u00e4nder.<\/p>\n","protected":false},"featured_media":0,"template":"","meta":{"content-type":"","_monsterinsights_skip_tracking":false,"_monsterinsights_sitenote_active":false,"_monsterinsights_sitenote_note":"","_monsterinsights_sitenote_category":0},"product_brand":[],"product_cat":[823],"product_tag":[],"brand":[],"target-group":[],"discontinued":[],"class_list":{"0":"post-60955","1":"product","2":"type-product","3":"status-publish","5":"product_cat-bruder","7":"first","8":"instock","9":"taxable","10":"shipping-taxable","11":"product-type-simple"},"aioseo_notices":[],"_links":{"self":[{"href":"https:\/\/games.tactic.net\/sv\/wp-json\/wp\/v2\/product\/60955","targetHints":{"allow":["GET"]}}],"collection":[{"href":"https:\/\/games.tactic.net\/sv\/wp-json\/wp\/v2\/product"}],"about":[{"href":"https:\/\/games.tactic.net\/sv\/wp-json\/wp\/v2\/types\/product"}],"wp:attachment":[{"href":"https:\/\/games.tactic.net\/sv\/wp-json\/wp\/v2\/media?parent=60955"}],"wp:term":[{"taxonomy":"product_brand","embeddable":true,"href":"https:\/\/games.tactic.net\/sv\/wp-json\/wp\/v2\/product_brand?post=60955"},{"taxonomy":"product_cat","embeddable":true,"href":"https:\/\/games.tactic.net\/sv\/wp-json\/wp\/v2\/product_cat?post=60955"},{"taxonomy":"product_tag","embeddable":true,"href":"https:\/\/games.tactic.net\/sv\/wp-json\/wp\/v2\/product_tag?post=60955"},{"taxonomy":"brand","embeddable":true,"href":"https:\/\/games.tactic.net\/sv\/wp-json\/wp\/v2\/brand?post=60955"},{"taxonomy":"target-group","embeddable":true,"href":"https:\/\/games.tactic.net\/sv\/wp-json\/wp\/v2\/target-group?post=60955"},{"taxonomy":"discontinued","embeddable":true,"href":"https:\/\/games.tactic.net\/sv\/wp-json\/wp\/v2\/discontinued?post=60955"}],"curies":[{"name":"wp","href":"https:\/\/api.w.org\/{rel}","templated":true}]}}