{"id":60954,"date":"2021-02-16T11:03:29","date_gmt":"2021-02-16T09:03:29","guid":{"rendered":"https:\/\/dev.tactic.net\/tuote\/logistik-set-med-figur\/"},"modified":"2024-03-12T08:58:51","modified_gmt":"2024-03-12T06:58:51","slug":"logistik-set-med-figur","status":"archive","type":"product","link":"https:\/\/games.tactic.net\/sv\/tuote\/logistik-set-med-figur\/","title":{"rendered":"Logistik-set med figur"},"content":{"rendered":"<p>En lagerarbetare lastar pallar och l\u00e5dor p\u00e5 lastbilen p\u00e5 nolltid. Setet inneh\u00e5ller en elektrisk palltruck och olika transportmedel s\u00e5som europallar, stapelbar l\u00e5da med lock och tr\u00e5dbeh\u00e5llare.<\/p>\n","protected":false},"excerpt":{"rendered":"<p>En lagerarbetare lastar pallar och l\u00e5dor p\u00e5 lastbilen p\u00e5 nolltid. Setet inneh\u00e5ller en elektrisk palltruck och olika transportmedel s\u00e5som europallar, stapelbar l\u00e5da med lock och tr\u00e5dbeh\u00e5llare.<\/p>\n","protected":false},"featured_media":42227,"template":"","meta":{"content-type":"","_monsterinsights_skip_tracking":false,"_monsterinsights_sitenote_active":false,"_monsterinsights_sitenote_note":"","_monsterinsights_sitenote_category":0},"product_brand":[],"product_cat":[2018,726],"product_tag":[],"brand":[],"target-group":[],"discontinued":[],"class_list":{"0":"post-60954","1":"product","2":"type-product","3":"status-archive","4":"has-post-thumbnail","6":"product_cat-bruder-5","7":"product_cat-leksaker","9":"first","10":"outofstock","11":"taxable","12":"shipping-taxable","13":"product-type-simple"},"aioseo_notices":[],"_links":{"self":[{"href":"https:\/\/games.tactic.net\/sv\/wp-json\/wp\/v2\/product\/60954","targetHints":{"allow":["GET"]}}],"collection":[{"href":"https:\/\/games.tactic.net\/sv\/wp-json\/wp\/v2\/product"}],"about":[{"href":"https:\/\/games.tactic.net\/sv\/wp-json\/wp\/v2\/types\/product"}],"wp:featuredmedia":[{"embeddable":true,"href":"https:\/\/games.tactic.net\/sv\/wp-json\/wp\/v2\/media\/42227"}],"wp:attachment":[{"href":"https:\/\/games.tactic.net\/sv\/wp-json\/wp\/v2\/media?parent=60954"}],"wp:term":[{"taxonomy":"product_brand","embeddable":true,"href":"https:\/\/games.tactic.net\/sv\/wp-json\/wp\/v2\/product_brand?post=60954"},{"taxonomy":"product_cat","embeddable":true,"href":"https:\/\/games.tactic.net\/sv\/wp-json\/wp\/v2\/product_cat?post=60954"},{"taxonomy":"product_tag","embeddable":true,"href":"https:\/\/games.tactic.net\/sv\/wp-json\/wp\/v2\/product_tag?post=60954"},{"taxonomy":"brand","embeddable":true,"href":"https:\/\/games.tactic.net\/sv\/wp-json\/wp\/v2\/brand?post=60954"},{"taxonomy":"target-group","embeddable":true,"href":"https:\/\/games.tactic.net\/sv\/wp-json\/wp\/v2\/target-group?post=60954"},{"taxonomy":"discontinued","embeddable":true,"href":"https:\/\/games.tactic.net\/sv\/wp-json\/wp\/v2\/discontinued?post=60954"}],"curies":[{"name":"wp","href":"https:\/\/api.w.org\/{rel}","templated":true}]}}