{"id":60953,"date":"2021-02-16T11:03:26","date_gmt":"2021-02-16T09:03:26","guid":{"rendered":"https:\/\/dev.tactic.net\/tuote\/jcb-micro-gravmaskin-8010-cts\/"},"modified":"2023-10-20T15:55:24","modified_gmt":"2023-10-20T12:55:24","slug":"jcb-micro-gravmaskin-8010-cts","status":"publish","type":"product","link":"https:\/\/games.tactic.net\/sv\/tuote\/jcb-micro-gravmaskin-8010-cts\/","title":{"rendered":"Bruder JCB Microgr\u00e4vare 8010 CTS leksak"},"content":{"rendered":"<p>JCB 8010 CTS minigr\u00e4vare \u00e4r liten men oerh\u00f6rt stark! Med detaljerad utrustning: fullt fungerande gr\u00e4varm, roterbart chassi, flyttbart blad och mjukt l\u00f6pande band. Perfekt f\u00f6r bworld-figurer tack vare sitt anpassade s\u00e4te och reglage.<\/p>\n","protected":false},"excerpt":{"rendered":"<p>JCB Microgr\u00e4vmaskin 8010 CTS \u00e4r liten men stark! Med enorm kraft och perfekt f\u00f6r BRUDER-figurer tack vare detaljrik utrustning.<\/p>\n","protected":false},"featured_media":0,"template":"","meta":{"content-type":"","_monsterinsights_skip_tracking":false,"_monsterinsights_sitenote_active":false,"_monsterinsights_sitenote_note":"","_monsterinsights_sitenote_category":0},"product_brand":[],"product_cat":[823],"product_tag":[],"brand":[],"target-group":[],"discontinued":[],"class_list":{"0":"post-60953","1":"product","2":"type-product","3":"status-publish","5":"product_cat-bruder","7":"first","8":"instock","9":"taxable","10":"shipping-taxable","11":"product-type-simple"},"aioseo_notices":[],"_links":{"self":[{"href":"https:\/\/games.tactic.net\/sv\/wp-json\/wp\/v2\/product\/60953","targetHints":{"allow":["GET"]}}],"collection":[{"href":"https:\/\/games.tactic.net\/sv\/wp-json\/wp\/v2\/product"}],"about":[{"href":"https:\/\/games.tactic.net\/sv\/wp-json\/wp\/v2\/types\/product"}],"wp:attachment":[{"href":"https:\/\/games.tactic.net\/sv\/wp-json\/wp\/v2\/media?parent=60953"}],"wp:term":[{"taxonomy":"product_brand","embeddable":true,"href":"https:\/\/games.tactic.net\/sv\/wp-json\/wp\/v2\/product_brand?post=60953"},{"taxonomy":"product_cat","embeddable":true,"href":"https:\/\/games.tactic.net\/sv\/wp-json\/wp\/v2\/product_cat?post=60953"},{"taxonomy":"product_tag","embeddable":true,"href":"https:\/\/games.tactic.net\/sv\/wp-json\/wp\/v2\/product_tag?post=60953"},{"taxonomy":"brand","embeddable":true,"href":"https:\/\/games.tactic.net\/sv\/wp-json\/wp\/v2\/brand?post=60953"},{"taxonomy":"target-group","embeddable":true,"href":"https:\/\/games.tactic.net\/sv\/wp-json\/wp\/v2\/target-group?post=60953"},{"taxonomy":"discontinued","embeddable":true,"href":"https:\/\/games.tactic.net\/sv\/wp-json\/wp\/v2\/discontinued?post=60953"}],"curies":[{"name":"wp","href":"https:\/\/api.w.org\/{rel}","templated":true}]}}