{"id":60952,"date":"2021-02-16T11:03:23","date_gmt":"2021-02-16T09:03:23","guid":{"rendered":"https:\/\/dev.tactic.net\/tuote\/jcb-micro-gravmaskin-8010-cts-med-figur\/"},"modified":"2023-10-20T15:59:15","modified_gmt":"2023-10-20T12:59:15","slug":"jcb-micro-gravmaskin-8010-cts-med-figur","status":"publish","type":"product","link":"https:\/\/games.tactic.net\/sv\/tuote\/jcb-micro-gravmaskin-8010-cts-med-figur\/","title":{"rendered":"Bruder JCB Micro Gr\u00e4vmaskin 8010 CTS med figur"},"content":{"rendered":"<p>Tillr\u00e4ckligt liten f\u00f6r att ta sig fram i de mest tr\u00e5nga platser, stark nog f\u00f6r att g\u00f6ra tio m\u00e4ns arbete. I JCB microgr\u00e4vmaskinens utrustning ing\u00e5r en fullt fungerande gr\u00e4vmaskinsarm, vridbart chassi och den r\u00f6rliga skopan. \u00c4ven en figur fr\u00e5n bworld serien medf\u00f6ljer.<\/p>\n","protected":false},"excerpt":{"rendered":"<p>Tillr\u00e4ckligt liten f\u00f6r att ta sig fram i de mest tr\u00e5nga platser, stark nog f\u00f6r att g\u00f6ra tio m\u00e4ns arbete. I JCB microgr\u00e4vmaskinens utrustning ing\u00e5r en fullt fungerande gr\u00e4vmaskinsarm, vridbart chassi och den r\u00f6rliga skopan. \u00c4ven en figur fr\u00e5n bworld serien medf\u00f6ljer.<\/p>\n","protected":false},"featured_media":0,"template":"","meta":{"content-type":"","_monsterinsights_skip_tracking":false,"_monsterinsights_sitenote_active":false,"_monsterinsights_sitenote_note":"","_monsterinsights_sitenote_category":0},"product_brand":[],"product_cat":[823],"product_tag":[],"brand":[],"target-group":[],"discontinued":[],"class_list":{"0":"post-60952","1":"product","2":"type-product","3":"status-publish","5":"product_cat-bruder","7":"first","8":"instock","9":"taxable","10":"shipping-taxable","11":"product-type-simple"},"aioseo_notices":[],"_links":{"self":[{"href":"https:\/\/games.tactic.net\/sv\/wp-json\/wp\/v2\/product\/60952","targetHints":{"allow":["GET"]}}],"collection":[{"href":"https:\/\/games.tactic.net\/sv\/wp-json\/wp\/v2\/product"}],"about":[{"href":"https:\/\/games.tactic.net\/sv\/wp-json\/wp\/v2\/types\/product"}],"wp:attachment":[{"href":"https:\/\/games.tactic.net\/sv\/wp-json\/wp\/v2\/media?parent=60952"}],"wp:term":[{"taxonomy":"product_brand","embeddable":true,"href":"https:\/\/games.tactic.net\/sv\/wp-json\/wp\/v2\/product_brand?post=60952"},{"taxonomy":"product_cat","embeddable":true,"href":"https:\/\/games.tactic.net\/sv\/wp-json\/wp\/v2\/product_cat?post=60952"},{"taxonomy":"product_tag","embeddable":true,"href":"https:\/\/games.tactic.net\/sv\/wp-json\/wp\/v2\/product_tag?post=60952"},{"taxonomy":"brand","embeddable":true,"href":"https:\/\/games.tactic.net\/sv\/wp-json\/wp\/v2\/brand?post=60952"},{"taxonomy":"target-group","embeddable":true,"href":"https:\/\/games.tactic.net\/sv\/wp-json\/wp\/v2\/target-group?post=60952"},{"taxonomy":"discontinued","embeddable":true,"href":"https:\/\/games.tactic.net\/sv\/wp-json\/wp\/v2\/discontinued?post=60952"}],"curies":[{"name":"wp","href":"https:\/\/api.w.org\/{rel}","templated":true}]}}