{"id":60951,"date":"2021-02-16T11:03:20","date_gmt":"2021-02-16T09:03:20","guid":{"rendered":"https:\/\/dev.tactic.net\/tuote\/vagarbets-set-med-figur\/"},"modified":"2021-02-16T11:03:20","modified_gmt":"2021-02-16T09:03:20","slug":"vagarbets-set-med-figur","status":"publish","type":"product","link":"https:\/\/games.tactic.net\/sv\/tuote\/vagarbets-set-med-figur\/","title":{"rendered":"V\u00e4garbets-set med figur"},"content":{"rendered":"<p>Detta bworld v\u00e4garbetsset inneh\u00e5ller alla delar som beh\u00f6vs f\u00f6r att arbeta s\u00e4kert p\u00e5 v\u00e4gen. Anv\u00e4nd tryckluftsmaskinen f\u00f6r att bryta upp de skadade v\u00e4gytorna innan du lagar dem p\u00e5 ett professionellt s\u00e4tt. Sten och grus k\u00f6rs bort i skottk\u00e4rrorna. V\u00e4garbetaren har reflexv\u00e4st, hj\u00e4lm, spade och verktygsb\u00e4lte.<\/p>\n","protected":false},"excerpt":{"rendered":"<p>Detta bworld v\u00e4garbetsset inneh\u00e5ller alla delar som beh\u00f6vs f\u00f6r att arbeta s\u00e4kert p\u00e5 v\u00e4gen. Anv\u00e4nd tryckluftsmaskinen f\u00f6r att bryta upp de skadade v\u00e4gytorna innan du lagar dem p\u00e5 ett professionellt s\u00e4tt. Sten och grus k\u00f6rs bort i skottk\u00e4rrorna. V\u00e4garbetaren har reflexv\u00e4st, hj\u00e4lm, spade och verktygsb\u00e4lte.<\/p>\n","protected":false},"featured_media":0,"template":"","meta":{"content-type":"","_monsterinsights_skip_tracking":false,"_monsterinsights_sitenote_active":false,"_monsterinsights_sitenote_note":"","_monsterinsights_sitenote_category":0},"product_brand":[],"product_cat":[823],"product_tag":[],"brand":[],"target-group":[],"discontinued":[],"class_list":{"0":"post-60951","1":"product","2":"type-product","3":"status-publish","5":"product_cat-bruder","7":"first","8":"outofstock","9":"taxable","10":"shipping-taxable","11":"product-type-simple"},"aioseo_notices":[],"_links":{"self":[{"href":"https:\/\/games.tactic.net\/sv\/wp-json\/wp\/v2\/product\/60951","targetHints":{"allow":["GET"]}}],"collection":[{"href":"https:\/\/games.tactic.net\/sv\/wp-json\/wp\/v2\/product"}],"about":[{"href":"https:\/\/games.tactic.net\/sv\/wp-json\/wp\/v2\/types\/product"}],"wp:attachment":[{"href":"https:\/\/games.tactic.net\/sv\/wp-json\/wp\/v2\/media?parent=60951"}],"wp:term":[{"taxonomy":"product_brand","embeddable":true,"href":"https:\/\/games.tactic.net\/sv\/wp-json\/wp\/v2\/product_brand?post=60951"},{"taxonomy":"product_cat","embeddable":true,"href":"https:\/\/games.tactic.net\/sv\/wp-json\/wp\/v2\/product_cat?post=60951"},{"taxonomy":"product_tag","embeddable":true,"href":"https:\/\/games.tactic.net\/sv\/wp-json\/wp\/v2\/product_tag?post=60951"},{"taxonomy":"brand","embeddable":true,"href":"https:\/\/games.tactic.net\/sv\/wp-json\/wp\/v2\/brand?post=60951"},{"taxonomy":"target-group","embeddable":true,"href":"https:\/\/games.tactic.net\/sv\/wp-json\/wp\/v2\/target-group?post=60951"},{"taxonomy":"discontinued","embeddable":true,"href":"https:\/\/games.tactic.net\/sv\/wp-json\/wp\/v2\/discontinued?post=60951"}],"curies":[{"name":"wp","href":"https:\/\/api.w.org\/{rel}","templated":true}]}}