{"id":60934,"date":"2021-02-16T11:03:13","date_gmt":"2021-02-16T09:03:13","guid":{"rendered":"https:\/\/dev.tactic.net\/tuote\/brandman-med-hjalm-handskar-och-tillbehor\/"},"modified":"2023-10-11T09:48:05","modified_gmt":"2023-10-11T06:48:05","slug":"brandman-med-hjalm-handskar-och-tillbehor","status":"publish","type":"product","link":"https:\/\/games.tactic.net\/sv\/tuote\/brandman-med-hjalm-handskar-och-tillbehor\/","title":{"rendered":"Bruder Brandman med tillbeh\u00f6r leksak"},"content":{"rendered":"<p>Brandmannen \u00e4r alltid redo! Med uniform, hj\u00e4lm, visir och handskar samt brandsl\u00e4ckare kan han snabbt ingripa. Vid behov kan han kalla p\u00e5 f\u00f6rst\u00e4rkning via radion. Perfekt att kombinera med BRUDER:s m\u00e5nga brandfordon.<\/p>\n","protected":false},"excerpt":{"rendered":"<p>BRUDER brandman \u00e4r alltid redo! Med skyddskl\u00e4der, brandsl\u00e4ckare och radio kan han snabbt agera och kalla p\u00e5 f\u00f6rst\u00e4rkning.<\/p>\n","protected":false},"featured_media":0,"template":"","meta":{"content-type":"","_monsterinsights_skip_tracking":false,"_monsterinsights_sitenote_active":false,"_monsterinsights_sitenote_note":"","_monsterinsights_sitenote_category":0},"product_brand":[],"product_cat":[823],"product_tag":[],"brand":[],"target-group":[],"discontinued":[],"class_list":{"0":"post-60934","1":"product","2":"type-product","3":"status-publish","5":"product_cat-bruder","7":"first","8":"instock","9":"taxable","10":"shipping-taxable","11":"product-type-simple"},"aioseo_notices":[],"_links":{"self":[{"href":"https:\/\/games.tactic.net\/sv\/wp-json\/wp\/v2\/product\/60934","targetHints":{"allow":["GET"]}}],"collection":[{"href":"https:\/\/games.tactic.net\/sv\/wp-json\/wp\/v2\/product"}],"about":[{"href":"https:\/\/games.tactic.net\/sv\/wp-json\/wp\/v2\/types\/product"}],"wp:attachment":[{"href":"https:\/\/games.tactic.net\/sv\/wp-json\/wp\/v2\/media?parent=60934"}],"wp:term":[{"taxonomy":"product_brand","embeddable":true,"href":"https:\/\/games.tactic.net\/sv\/wp-json\/wp\/v2\/product_brand?post=60934"},{"taxonomy":"product_cat","embeddable":true,"href":"https:\/\/games.tactic.net\/sv\/wp-json\/wp\/v2\/product_cat?post=60934"},{"taxonomy":"product_tag","embeddable":true,"href":"https:\/\/games.tactic.net\/sv\/wp-json\/wp\/v2\/product_tag?post=60934"},{"taxonomy":"brand","embeddable":true,"href":"https:\/\/games.tactic.net\/sv\/wp-json\/wp\/v2\/brand?post=60934"},{"taxonomy":"target-group","embeddable":true,"href":"https:\/\/games.tactic.net\/sv\/wp-json\/wp\/v2\/target-group?post=60934"},{"taxonomy":"discontinued","embeddable":true,"href":"https:\/\/games.tactic.net\/sv\/wp-json\/wp\/v2\/discontinued?post=60934"}],"curies":[{"name":"wp","href":"https:\/\/api.w.org\/{rel}","templated":true}]}}