{"id":60930,"date":"2021-02-16T11:03:04","date_gmt":"2021-02-16T09:03:04","guid":{"rendered":"https:\/\/dev.tactic.net\/tuote\/skogsarbetare-med-tillbehor\/"},"modified":"2023-10-11T09:49:33","modified_gmt":"2023-10-11T06:49:33","slug":"skogsarbetare-med-tillbehor","status":"publish","type":"product","link":"https:\/\/games.tactic.net\/sv\/tuote\/skogsarbetare-med-tillbehor\/","title":{"rendered":"Bruder Skogsarbetare med tillbeh\u00f6r leksak"},"content":{"rendered":"<p>Skogsarbetaren med tillbeh\u00f6r kompletterar BRUDER:s skogsmaskiner. Han har hj\u00e4lm med visir, motors\u00e5g, dunk och realistiska kl\u00e4der. Huvud, armar och ben r\u00f6rliga f\u00f6r mer lek. Ett set som g\u00f6r leken \u00e4nnu mer levande.<\/p>\n","protected":false},"excerpt":{"rendered":"<p>Skogsarbetaren har realistiska kl\u00e4der och verktyg. Barnen kan imitera vardagen i skogen p\u00e5 ett verklighetstroget s\u00e4tt.<\/p>\n","protected":false},"featured_media":0,"template":"","meta":{"content-type":"","_monsterinsights_skip_tracking":false,"_monsterinsights_sitenote_active":false,"_monsterinsights_sitenote_note":"","_monsterinsights_sitenote_category":0},"product_brand":[],"product_cat":[823],"product_tag":[],"brand":[],"target-group":[],"discontinued":[],"class_list":{"0":"post-60930","1":"product","2":"type-product","3":"status-publish","5":"product_cat-bruder","7":"first","8":"instock","9":"taxable","10":"shipping-taxable","11":"product-type-simple"},"aioseo_notices":[],"_links":{"self":[{"href":"https:\/\/games.tactic.net\/sv\/wp-json\/wp\/v2\/product\/60930","targetHints":{"allow":["GET"]}}],"collection":[{"href":"https:\/\/games.tactic.net\/sv\/wp-json\/wp\/v2\/product"}],"about":[{"href":"https:\/\/games.tactic.net\/sv\/wp-json\/wp\/v2\/types\/product"}],"wp:attachment":[{"href":"https:\/\/games.tactic.net\/sv\/wp-json\/wp\/v2\/media?parent=60930"}],"wp:term":[{"taxonomy":"product_brand","embeddable":true,"href":"https:\/\/games.tactic.net\/sv\/wp-json\/wp\/v2\/product_brand?post=60930"},{"taxonomy":"product_cat","embeddable":true,"href":"https:\/\/games.tactic.net\/sv\/wp-json\/wp\/v2\/product_cat?post=60930"},{"taxonomy":"product_tag","embeddable":true,"href":"https:\/\/games.tactic.net\/sv\/wp-json\/wp\/v2\/product_tag?post=60930"},{"taxonomy":"brand","embeddable":true,"href":"https:\/\/games.tactic.net\/sv\/wp-json\/wp\/v2\/brand?post=60930"},{"taxonomy":"target-group","embeddable":true,"href":"https:\/\/games.tactic.net\/sv\/wp-json\/wp\/v2\/target-group?post=60930"},{"taxonomy":"discontinued","embeddable":true,"href":"https:\/\/games.tactic.net\/sv\/wp-json\/wp\/v2\/discontinued?post=60930"}],"curies":[{"name":"wp","href":"https:\/\/api.w.org\/{rel}","templated":true}]}}