{"id":60926,"date":"2021-02-16T11:02:52","date_gmt":"2021-02-16T09:02:52","guid":{"rendered":"https:\/\/dev.tactic.net\/tuote\/mb-arocs-betongbil\/"},"modified":"2022-10-25T15:37:39","modified_gmt":"2022-10-25T12:37:39","slug":"mb-arocs-betongbil","status":"archive","type":"product","link":"https:\/\/games.tactic.net\/sv\/tuote\/mb-arocs-betongbil\/","title":{"rendered":"MB Arocs Betongbil"},"content":{"rendered":"<p>Betongblandaren kan vridas runt med en vev, som \u00e4r dold i vattentanken. Beh\u00e5llaren t\u00f6ms om man vrider den \u00e5t motsatt h\u00e5ll. Skruven, som \u00e4r dold i i beh\u00e5llaren, kommer d\u00e5 att t\u00f6mma materialet bak\u00e5t genom utloppsr\u00e4nnan. Tv\u00e5 r\u00e4nnor ing\u00e5r.<\/p>\n","protected":false},"excerpt":{"rendered":"<p>Betongblandaren kan vridas runt med en vev, som \u00e4r dold i vattentanken. Beh\u00e5llaren t\u00f6ms om man vrider den \u00e5t motsatt h\u00e5ll. Skruven, som \u00e4r dold i i beh\u00e5llaren, kommer d\u00e5 att t\u00f6mma materialet bak\u00e5t genom utloppsr\u00e4nnan. Tv\u00e5 r\u00e4nnor ing\u00e5r.<\/p>\n","protected":false},"featured_media":0,"template":"","meta":{"content-type":"","_monsterinsights_skip_tracking":false,"_monsterinsights_sitenote_active":false,"_monsterinsights_sitenote_note":"","_monsterinsights_sitenote_category":0},"product_brand":[],"product_cat":[823],"product_tag":[],"brand":[],"target-group":[],"discontinued":[],"class_list":{"0":"post-60926","1":"product","2":"type-product","3":"status-archive","5":"product_cat-bruder","7":"first","8":"outofstock","9":"taxable","10":"shipping-taxable","11":"product-type-simple"},"aioseo_notices":[],"_links":{"self":[{"href":"https:\/\/games.tactic.net\/sv\/wp-json\/wp\/v2\/product\/60926","targetHints":{"allow":["GET"]}}],"collection":[{"href":"https:\/\/games.tactic.net\/sv\/wp-json\/wp\/v2\/product"}],"about":[{"href":"https:\/\/games.tactic.net\/sv\/wp-json\/wp\/v2\/types\/product"}],"wp:attachment":[{"href":"https:\/\/games.tactic.net\/sv\/wp-json\/wp\/v2\/media?parent=60926"}],"wp:term":[{"taxonomy":"product_brand","embeddable":true,"href":"https:\/\/games.tactic.net\/sv\/wp-json\/wp\/v2\/product_brand?post=60926"},{"taxonomy":"product_cat","embeddable":true,"href":"https:\/\/games.tactic.net\/sv\/wp-json\/wp\/v2\/product_cat?post=60926"},{"taxonomy":"product_tag","embeddable":true,"href":"https:\/\/games.tactic.net\/sv\/wp-json\/wp\/v2\/product_tag?post=60926"},{"taxonomy":"brand","embeddable":true,"href":"https:\/\/games.tactic.net\/sv\/wp-json\/wp\/v2\/brand?post=60926"},{"taxonomy":"target-group","embeddable":true,"href":"https:\/\/games.tactic.net\/sv\/wp-json\/wp\/v2\/target-group?post=60926"},{"taxonomy":"discontinued","embeddable":true,"href":"https:\/\/games.tactic.net\/sv\/wp-json\/wp\/v2\/discontinued?post=60926"}],"curies":[{"name":"wp","href":"https:\/\/api.w.org\/{rel}","templated":true}]}}