{"id":60924,"date":"2021-02-16T11:02:45","date_gmt":"2021-02-16T09:02:45","guid":{"rendered":"https:\/\/dev.tactic.net\/tuote\/mb-arocs-halfpipe-dumper-lastbil\/"},"modified":"2024-08-19T11:23:06","modified_gmt":"2024-08-19T08:23:06","slug":"mb-arocs-halfpipe-dumper-lastbil","status":"archive","type":"product","link":"https:\/\/games.tactic.net\/sv\/tuote\/mb-arocs-halfpipe-dumper-lastbil\/","title":{"rendered":"Bruder Mercedez-Benz Arocs Halfpipe Dumper Lastbil"},"content":{"rendered":"<p>Lastcontainerns speciella halvcylinderform s\u00e4kerst\u00e4ller att lasten centreras, vilket \u00e4r en stor f\u00f6rdel under k\u00f6rning och f\u00f6renklar lossningen. Tr\u00e5get kan avdelas i tre sektioner och l\u00e5sas i olika steg s\u00e5 att leken blir \u00e4nnu roligare.<\/p>\n","protected":false},"excerpt":{"rendered":"<p>Lastcontainerns speciella halvcylinderform s\u00e4kerst\u00e4ller att lasten centreras, vilket \u00e4r en stor f\u00f6rdel under k\u00f6rning och f\u00f6renklar lossningen. Tr\u00e5get kan avdelas i tre sektioner och l\u00e5sas i olika steg s\u00e5 att leken blir \u00e4nnu roligare.<\/p>\n","protected":false},"featured_media":0,"template":"","meta":{"content-type":"","_monsterinsights_skip_tracking":false,"_monsterinsights_sitenote_active":false,"_monsterinsights_sitenote_note":"","_monsterinsights_sitenote_category":0},"product_brand":[],"product_cat":[823,2087],"product_tag":[],"brand":[],"target-group":[],"discontinued":[],"class_list":{"0":"post-60924","1":"product","2":"type-product","3":"status-archive","5":"product_cat-bruder","6":"product_cat-outlet-3","8":"first","9":"outofstock","10":"sale","11":"taxable","12":"shipping-taxable","13":"product-type-simple"},"aioseo_notices":[],"_links":{"self":[{"href":"https:\/\/games.tactic.net\/sv\/wp-json\/wp\/v2\/product\/60924","targetHints":{"allow":["GET"]}}],"collection":[{"href":"https:\/\/games.tactic.net\/sv\/wp-json\/wp\/v2\/product"}],"about":[{"href":"https:\/\/games.tactic.net\/sv\/wp-json\/wp\/v2\/types\/product"}],"wp:attachment":[{"href":"https:\/\/games.tactic.net\/sv\/wp-json\/wp\/v2\/media?parent=60924"}],"wp:term":[{"taxonomy":"product_brand","embeddable":true,"href":"https:\/\/games.tactic.net\/sv\/wp-json\/wp\/v2\/product_brand?post=60924"},{"taxonomy":"product_cat","embeddable":true,"href":"https:\/\/games.tactic.net\/sv\/wp-json\/wp\/v2\/product_cat?post=60924"},{"taxonomy":"product_tag","embeddable":true,"href":"https:\/\/games.tactic.net\/sv\/wp-json\/wp\/v2\/product_tag?post=60924"},{"taxonomy":"brand","embeddable":true,"href":"https:\/\/games.tactic.net\/sv\/wp-json\/wp\/v2\/brand?post=60924"},{"taxonomy":"target-group","embeddable":true,"href":"https:\/\/games.tactic.net\/sv\/wp-json\/wp\/v2\/target-group?post=60924"},{"taxonomy":"discontinued","embeddable":true,"href":"https:\/\/games.tactic.net\/sv\/wp-json\/wp\/v2\/discontinued?post=60924"}],"curies":[{"name":"wp","href":"https:\/\/api.w.org\/{rel}","templated":true}]}}