{"id":60923,"date":"2021-02-16T11:02:42","date_gmt":"2021-02-16T09:02:42","guid":{"rendered":"https:\/\/dev.tactic.net\/tuote\/scania-r-series-brandbil-med-stege-vattenpump-ljud-ljus\/"},"modified":"2024-10-28T09:32:40","modified_gmt":"2024-10-28T07:32:40","slug":"scania-r-series-brandbil-med-stege-vattenpump-ljud-ljus","status":"archive","type":"product","link":"https:\/\/games.tactic.net\/sv\/tuote\/scania-r-series-brandbil-med-stege-vattenpump-ljud-ljus\/","title":{"rendered":"Bruder Scania R-Series Brandbil med stege, vattenpump, ljud\/ljus"},"content":{"rendered":"<p>Brandbilen i Scania R-serie har stege och en inbyggd vattentank som l\u00e4tt kan fyllas.Vattenslangen kan rullas upp eller f\u00e4stas vid korgen. Slangen har ett fungerande munstycke. Plattformen kan vridas med en ratt och stegen med r\u00e4ddningskorg kan vevas ut med en handvev och justeras i h\u00f6jd. Ljus- och ljudmodulen medf\u00f6ljer och g\u00f6r denna brandbil full av action.<\/p>\n","protected":false},"excerpt":{"rendered":"<p>Brandbilen i Scania R-serie har stege och en inbyggd vattentank som l\u00e4tt kan fyllas.Vattenslangen kan rullas upp eller f\u00e4stas vid korgen. Slangen har ett fungerande munstycke. Plattformen kan vridas med en ratt och stegen med r\u00e4ddningskorg kan vevas ut med en handvev och justeras i h\u00f6jd. Ljus- och ljudmodulen medf\u00f6ljer och g\u00f6r denna brandbil full av action.<\/p>\n","protected":false},"featured_media":0,"template":"","meta":{"content-type":"","_monsterinsights_skip_tracking":false,"_monsterinsights_sitenote_active":false,"_monsterinsights_sitenote_note":"","_monsterinsights_sitenote_category":0},"product_brand":[],"product_cat":[823],"product_tag":[],"brand":[],"target-group":[],"discontinued":[],"class_list":{"0":"post-60923","1":"product","2":"type-product","3":"status-archive","5":"product_cat-bruder","7":"first","8":"outofstock","9":"taxable","10":"shipping-taxable","11":"product-type-simple"},"aioseo_notices":[],"_links":{"self":[{"href":"https:\/\/games.tactic.net\/sv\/wp-json\/wp\/v2\/product\/60923","targetHints":{"allow":["GET"]}}],"collection":[{"href":"https:\/\/games.tactic.net\/sv\/wp-json\/wp\/v2\/product"}],"about":[{"href":"https:\/\/games.tactic.net\/sv\/wp-json\/wp\/v2\/types\/product"}],"wp:attachment":[{"href":"https:\/\/games.tactic.net\/sv\/wp-json\/wp\/v2\/media?parent=60923"}],"wp:term":[{"taxonomy":"product_brand","embeddable":true,"href":"https:\/\/games.tactic.net\/sv\/wp-json\/wp\/v2\/product_brand?post=60923"},{"taxonomy":"product_cat","embeddable":true,"href":"https:\/\/games.tactic.net\/sv\/wp-json\/wp\/v2\/product_cat?post=60923"},{"taxonomy":"product_tag","embeddable":true,"href":"https:\/\/games.tactic.net\/sv\/wp-json\/wp\/v2\/product_tag?post=60923"},{"taxonomy":"brand","embeddable":true,"href":"https:\/\/games.tactic.net\/sv\/wp-json\/wp\/v2\/brand?post=60923"},{"taxonomy":"target-group","embeddable":true,"href":"https:\/\/games.tactic.net\/sv\/wp-json\/wp\/v2\/target-group?post=60923"},{"taxonomy":"discontinued","embeddable":true,"href":"https:\/\/games.tactic.net\/sv\/wp-json\/wp\/v2\/discontinued?post=60923"}],"curies":[{"name":"wp","href":"https:\/\/api.w.org\/{rel}","templated":true}]}}