{"id":60922,"date":"2021-02-16T11:02:39","date_gmt":"2021-02-16T09:02:39","guid":{"rendered":"https:\/\/dev.tactic.net\/tuote\/scania-r-series-liebherr-kranbil-med-ljud-och-ljus\/"},"modified":"2024-11-08T11:16:16","modified_gmt":"2024-11-08T09:16:16","slug":"scania-r-series-liebherr-kranbil-med-ljud-och-ljus","status":"archive","type":"product","link":"https:\/\/games.tactic.net\/sv\/tuote\/scania-r-series-liebherr-kranbil-med-ljud-och-ljus\/","title":{"rendered":"Bruder Scania R-Series Liebherr Kranbil med ljud och ljus"},"content":{"rendered":"<p>Den imponerande Liebherr kranbil \u00e4r 1,3 meter h\u00f6g n\u00e4r den f\u00f6rl\u00e4ngda bommen \u00e4r utf\u00e4lld. De utskjutbara och individuellt reglerbara st\u00f6dbenen p\u00e5 fordonsplattformen ger h\u00f6g stabilitet. Den inbyggda motvikten kan fyllas med sand. En vinsch med l\u00e5sanordning och \u00f6verbelastsningsskydd g\u00f6r det l\u00e4tt att arbeta med kranens krok. Maskinf\u00f6rarens hytt har skyddsgaller och en \u00f6ppningsbar skjutd\u00f6rr. En integrerad h\u00e5llare f\u00f6r verktyg full\u00e4ndar kranbilens m\u00e5nga funktioner. SCANIA R-seriens f\u00f6rarhytt har okrossbar vindruta av polykarbonat och levereras med ljus- och ljudmodul.<\/p>\n","protected":false},"excerpt":{"rendered":"<p>Den imponerande Liebherr kranbil \u00e4r 1,3 meter h\u00f6g n\u00e4r den f\u00f6rl\u00e4ngda bommen \u00e4r utf\u00e4lld. De utskjutbara och individuellt reglerbara st\u00f6dbenen p\u00e5 fordonsplattformen ger h\u00f6g stabilitet. Den inbyggda motvikten kan fyllas med sand. En vinsch med l\u00e5sanordning och \u00f6verbelastsningsskydd g\u00f6r det l\u00e4tt att arbeta med kranens krok. Maskinf\u00f6rarens hytt har skyddsgaller och en \u00f6ppningsbar skjutd\u00f6rr. En integrerad h\u00e5llare f\u00f6r verktyg full\u00e4ndar kranbilens m\u00e5nga funktioner. SCANIA R-seriens f\u00f6rarhytt har okrossbar vindruta av polykarbonat och levereras med ljus- och ljudmodul.<\/p>\n","protected":false},"featured_media":0,"template":"","meta":{"content-type":"","_monsterinsights_skip_tracking":false,"_monsterinsights_sitenote_active":false,"_monsterinsights_sitenote_note":"","_monsterinsights_sitenote_category":0},"product_brand":[],"product_cat":[823],"product_tag":[],"brand":[],"target-group":[],"discontinued":[],"class_list":{"0":"post-60922","1":"product","2":"type-product","3":"status-archive","5":"product_cat-bruder","7":"first","8":"outofstock","9":"taxable","10":"shipping-taxable","11":"product-type-simple"},"aioseo_notices":[],"_links":{"self":[{"href":"https:\/\/games.tactic.net\/sv\/wp-json\/wp\/v2\/product\/60922","targetHints":{"allow":["GET"]}}],"collection":[{"href":"https:\/\/games.tactic.net\/sv\/wp-json\/wp\/v2\/product"}],"about":[{"href":"https:\/\/games.tactic.net\/sv\/wp-json\/wp\/v2\/types\/product"}],"wp:attachment":[{"href":"https:\/\/games.tactic.net\/sv\/wp-json\/wp\/v2\/media?parent=60922"}],"wp:term":[{"taxonomy":"product_brand","embeddable":true,"href":"https:\/\/games.tactic.net\/sv\/wp-json\/wp\/v2\/product_brand?post=60922"},{"taxonomy":"product_cat","embeddable":true,"href":"https:\/\/games.tactic.net\/sv\/wp-json\/wp\/v2\/product_cat?post=60922"},{"taxonomy":"product_tag","embeddable":true,"href":"https:\/\/games.tactic.net\/sv\/wp-json\/wp\/v2\/product_tag?post=60922"},{"taxonomy":"brand","embeddable":true,"href":"https:\/\/games.tactic.net\/sv\/wp-json\/wp\/v2\/brand?post=60922"},{"taxonomy":"target-group","embeddable":true,"href":"https:\/\/games.tactic.net\/sv\/wp-json\/wp\/v2\/target-group?post=60922"},{"taxonomy":"discontinued","embeddable":true,"href":"https:\/\/games.tactic.net\/sv\/wp-json\/wp\/v2\/discontinued?post=60922"}],"curies":[{"name":"wp","href":"https:\/\/api.w.org\/{rel}","templated":true}]}}