{"id":60921,"date":"2021-02-16T11:02:36","date_gmt":"2021-02-16T09:02:36","guid":{"rendered":"https:\/\/dev.tactic.net\/tuote\/scania-r-series-sopbil-orange\/"},"modified":"2024-08-20T10:42:26","modified_gmt":"2024-08-20T07:42:26","slug":"scania-r-series-sopbil-orange","status":"archive","type":"product","link":"https:\/\/games.tactic.net\/sv\/tuote\/scania-r-series-sopbil-orange\/","title":{"rendered":"Bruder Scania R-Series Sopbil (orange)"},"content":{"rendered":"<p>Den fullst\u00e4ndiga lastnings- och t\u00f6mningsprocessen i sopbilen kontrolleras av en unik sv\u00e4nghjulsmekanism d\u00e4r tv\u00e5 k\u00e4rl kan t\u00f6mmas samtidigt. Tv\u00e5 sm\u00e5 sopk\u00e4rl ing\u00e5r.<\/p>\n","protected":false},"excerpt":{"rendered":"<p>Den fullst\u00e4ndiga lastnings- och t\u00f6mningsprocessen i sopbilen kontrolleras av en unik sv\u00e4nghjulsmekanism d\u00e4r tv\u00e5 k\u00e4rl kan t\u00f6mmas samtidigt. Tv\u00e5 sm\u00e5 sopk\u00e4rl ing\u00e5r.<\/p>\n","protected":false},"featured_media":0,"template":"","meta":{"content-type":"","_monsterinsights_skip_tracking":false,"_monsterinsights_sitenote_active":false,"_monsterinsights_sitenote_note":"","_monsterinsights_sitenote_category":0},"product_brand":[],"product_cat":[823],"product_tag":[],"brand":[],"target-group":[],"discontinued":[],"class_list":{"0":"post-60921","1":"product","2":"type-product","3":"status-archive","5":"product_cat-bruder","7":"first","8":"outofstock","9":"taxable","10":"shipping-taxable","11":"product-type-simple"},"aioseo_notices":[],"_links":{"self":[{"href":"https:\/\/games.tactic.net\/sv\/wp-json\/wp\/v2\/product\/60921","targetHints":{"allow":["GET"]}}],"collection":[{"href":"https:\/\/games.tactic.net\/sv\/wp-json\/wp\/v2\/product"}],"about":[{"href":"https:\/\/games.tactic.net\/sv\/wp-json\/wp\/v2\/types\/product"}],"wp:attachment":[{"href":"https:\/\/games.tactic.net\/sv\/wp-json\/wp\/v2\/media?parent=60921"}],"wp:term":[{"taxonomy":"product_brand","embeddable":true,"href":"https:\/\/games.tactic.net\/sv\/wp-json\/wp\/v2\/product_brand?post=60921"},{"taxonomy":"product_cat","embeddable":true,"href":"https:\/\/games.tactic.net\/sv\/wp-json\/wp\/v2\/product_cat?post=60921"},{"taxonomy":"product_tag","embeddable":true,"href":"https:\/\/games.tactic.net\/sv\/wp-json\/wp\/v2\/product_tag?post=60921"},{"taxonomy":"brand","embeddable":true,"href":"https:\/\/games.tactic.net\/sv\/wp-json\/wp\/v2\/brand?post=60921"},{"taxonomy":"target-group","embeddable":true,"href":"https:\/\/games.tactic.net\/sv\/wp-json\/wp\/v2\/target-group?post=60921"},{"taxonomy":"discontinued","embeddable":true,"href":"https:\/\/games.tactic.net\/sv\/wp-json\/wp\/v2\/discontinued?post=60921"}],"curies":[{"name":"wp","href":"https:\/\/api.w.org\/{rel}","templated":true}]}}