{"id":60920,"date":"2021-02-16T11:02:33","date_gmt":"2021-02-16T09:02:33","guid":{"rendered":"https:\/\/dev.tactic.net\/tuote\/scania-r-series-lastbil-med-cat-bulldozer\/"},"modified":"2023-12-12T18:31:22","modified_gmt":"2023-12-12T16:31:22","slug":"scania-r-series-lastbil-med-cat-bulldozer","status":"archive","type":"product","link":"https:\/\/games.tactic.net\/sv\/tuote\/scania-r-series-lastbil-med-cat-bulldozer\/","title":{"rendered":"Bruder Scania R-Series Lastbil med CAT Bulldozer"},"content":{"rendered":"<p>Denna SCANIA lastbil har m\u00e5nga praktiska finesser s\u00e5som f\u00e4llbara backspeglar och \u00f6ppningsbara d\u00f6rrar. Den l\u00e5glastande trailern har lastramper som kan f\u00e4llas ner och justerbara l\u00e5sanordningar f\u00f6r att surra lasten. Plogbladet p\u00e5 CATERPILLAR bulldozern kan lutas, lyftas upp och ner samt l\u00e5sas. Den avtagbara skrapan kan ocks\u00e5 s\u00e4nkas. Bulldozern har larvf\u00f6tter f\u00f6r smidig f\u00f6rflyttning.<\/p>\n","protected":false},"excerpt":{"rendered":"<p>Denna SCANIA lastbil har m\u00e5nga praktiska finesser s\u00e5som f\u00e4llbara backspeglar och \u00f6ppningsbara d\u00f6rrar. Den l\u00e5glastande trailern har lastramper som kan f\u00e4llas ner och justerbara l\u00e5sanordningar f\u00f6r att surra lasten. Plogbladet p\u00e5 CATERPILLAR bulldozern kan lutas, lyftas upp och ner samt l\u00e5sas. Den avtagbara skrapan kan ocks\u00e5 s\u00e4nkas. Bulldozern har larvf\u00f6tter f\u00f6r smidig f\u00f6rflyttning.<\/p>\n","protected":false},"featured_media":0,"template":"","meta":{"content-type":"","_monsterinsights_skip_tracking":false,"_monsterinsights_sitenote_active":false,"_monsterinsights_sitenote_note":"","_monsterinsights_sitenote_category":0},"product_brand":[],"product_cat":[823],"product_tag":[],"brand":[],"target-group":[],"discontinued":[],"class_list":{"0":"post-60920","1":"product","2":"type-product","3":"status-archive","5":"product_cat-bruder","7":"first","8":"outofstock","9":"taxable","10":"shipping-taxable","11":"product-type-simple"},"aioseo_notices":[],"_links":{"self":[{"href":"https:\/\/games.tactic.net\/sv\/wp-json\/wp\/v2\/product\/60920","targetHints":{"allow":["GET"]}}],"collection":[{"href":"https:\/\/games.tactic.net\/sv\/wp-json\/wp\/v2\/product"}],"about":[{"href":"https:\/\/games.tactic.net\/sv\/wp-json\/wp\/v2\/types\/product"}],"wp:attachment":[{"href":"https:\/\/games.tactic.net\/sv\/wp-json\/wp\/v2\/media?parent=60920"}],"wp:term":[{"taxonomy":"product_brand","embeddable":true,"href":"https:\/\/games.tactic.net\/sv\/wp-json\/wp\/v2\/product_brand?post=60920"},{"taxonomy":"product_cat","embeddable":true,"href":"https:\/\/games.tactic.net\/sv\/wp-json\/wp\/v2\/product_cat?post=60920"},{"taxonomy":"product_tag","embeddable":true,"href":"https:\/\/games.tactic.net\/sv\/wp-json\/wp\/v2\/product_tag?post=60920"},{"taxonomy":"brand","embeddable":true,"href":"https:\/\/games.tactic.net\/sv\/wp-json\/wp\/v2\/brand?post=60920"},{"taxonomy":"target-group","embeddable":true,"href":"https:\/\/games.tactic.net\/sv\/wp-json\/wp\/v2\/target-group?post=60920"},{"taxonomy":"discontinued","embeddable":true,"href":"https:\/\/games.tactic.net\/sv\/wp-json\/wp\/v2\/discontinued?post=60920"}],"curies":[{"name":"wp","href":"https:\/\/api.w.org\/{rel}","templated":true}]}}