{"id":60919,"date":"2021-02-16T11:02:30","date_gmt":"2021-02-16T09:02:30","guid":{"rendered":"https:\/\/dev.tactic.net\/tuote\/scania-r-series-lastbil-med-tippflak\/"},"modified":"2023-11-20T09:52:28","modified_gmt":"2023-11-20T07:52:28","slug":"scania-r-series-lastbil-med-tippflak","status":"archive","type":"product","link":"https:\/\/games.tactic.net\/sv\/tuote\/scania-r-series-lastbil-med-tippflak\/","title":{"rendered":"Bruder Scania R-Series Lastbil med tippflak"},"content":{"rendered":"<p>F\u00f6rarhytten har vindrutor gjorda av okrossbar polykarbonat. Backspeglarna p\u00e5 SCANIA bilarna kan f\u00e4llas in och d\u00f6rrarna kan \u00f6ppnas. Det enorma tipptr\u00e5get har en baklucka som kan \u00f6ppnas. Scania tipptruck \u00e4r gjord f\u00f6r tunga uppdrag med sina fyra axlar och robusta mjuka d\u00e4ck.<\/p>\n","protected":false},"excerpt":{"rendered":"<p>F\u00f6rarhytten har vindrutor gjorda av okrossbar polykarbonat. Backspeglarna p\u00e5 SCANIA bilarna kan f\u00e4llas in och d\u00f6rrarna kan \u00f6ppnas. Det enorma tipptr\u00e5get har en baklucka som kan \u00f6ppnas. Scania tipptruck \u00e4r gjord f\u00f6r tunga uppdrag med sina fyra axlar och robusta mjuka d\u00e4ck.<\/p>\n","protected":false},"featured_media":0,"template":"","meta":{"content-type":"","_monsterinsights_skip_tracking":false,"_monsterinsights_sitenote_active":false,"_monsterinsights_sitenote_note":"","_monsterinsights_sitenote_category":0},"product_brand":[],"product_cat":[823],"product_tag":[],"brand":[],"target-group":[],"discontinued":[],"class_list":{"0":"post-60919","1":"product","2":"type-product","3":"status-archive","5":"product_cat-bruder","7":"first","8":"outofstock","9":"taxable","10":"shipping-taxable","11":"product-type-simple"},"aioseo_notices":[],"_links":{"self":[{"href":"https:\/\/games.tactic.net\/sv\/wp-json\/wp\/v2\/product\/60919","targetHints":{"allow":["GET"]}}],"collection":[{"href":"https:\/\/games.tactic.net\/sv\/wp-json\/wp\/v2\/product"}],"about":[{"href":"https:\/\/games.tactic.net\/sv\/wp-json\/wp\/v2\/types\/product"}],"wp:attachment":[{"href":"https:\/\/games.tactic.net\/sv\/wp-json\/wp\/v2\/media?parent=60919"}],"wp:term":[{"taxonomy":"product_brand","embeddable":true,"href":"https:\/\/games.tactic.net\/sv\/wp-json\/wp\/v2\/product_brand?post=60919"},{"taxonomy":"product_cat","embeddable":true,"href":"https:\/\/games.tactic.net\/sv\/wp-json\/wp\/v2\/product_cat?post=60919"},{"taxonomy":"product_tag","embeddable":true,"href":"https:\/\/games.tactic.net\/sv\/wp-json\/wp\/v2\/product_tag?post=60919"},{"taxonomy":"brand","embeddable":true,"href":"https:\/\/games.tactic.net\/sv\/wp-json\/wp\/v2\/brand?post=60919"},{"taxonomy":"target-group","embeddable":true,"href":"https:\/\/games.tactic.net\/sv\/wp-json\/wp\/v2\/target-group?post=60919"},{"taxonomy":"discontinued","embeddable":true,"href":"https:\/\/games.tactic.net\/sv\/wp-json\/wp\/v2\/discontinued?post=60919"}],"curies":[{"name":"wp","href":"https:\/\/api.w.org\/{rel}","templated":true}]}}