{"id":60918,"date":"2021-02-16T11:02:27","date_gmt":"2021-02-16T09:02:27","guid":{"rendered":"https:\/\/dev.tactic.net\/tuote\/scania-r-series-timmerbil-med-lastkran-och-3-timmerstockar\/"},"modified":"2023-10-24T13:20:05","modified_gmt":"2023-10-24T10:20:05","slug":"scania-r-series-timmerbil-med-lastkran-och-3-timmerstockar","status":"archive","type":"product","link":"https:\/\/games.tactic.net\/sv\/tuote\/scania-r-series-timmerbil-med-lastkran-och-3-timmerstockar\/","title":{"rendered":"Bruder Scania R-Series Timmerbil med lastkran och 3 timmerstockar"},"content":{"rendered":"<p>Scanias timmerbil Lorry har en lyftkran som \u00e4r monterad bakom f\u00f6rarhytten och f\u00f6rsedd med en grip att lyfta stockar med. Ytterligare finesser \u00e4r den sv\u00e4ngbara kranen samt kedjor till st\u00f6ttorna p\u00e5 flaket. St\u00f6ttorna kan \u00e4ven f\u00e4llas ner s\u00e5 att timmer kan lastas fr\u00e5n sidan. Fordonet kan lossas genom att tippa flaket bak\u00e5t.<\/p>\n","protected":false},"excerpt":{"rendered":"<p>Scanias timmerbil Lorry har en lyftkran som \u00e4r monterad bakom f\u00f6rarhytten och f\u00f6rsedd med en grip att lyfta stockar med. Ytterligare finesser \u00e4r den sv\u00e4ngbara kranen samt kedjor till st\u00f6ttorna p\u00e5 flaket. St\u00f6ttorna kan \u00e4ven f\u00e4llas ner s\u00e5 att timmer kan lastas fr\u00e5n sidan. Fordonet kan lossas genom att tippa flaket bak\u00e5t.<\/p>\n","protected":false},"featured_media":0,"template":"","meta":{"content-type":"","_monsterinsights_skip_tracking":false,"_monsterinsights_sitenote_active":false,"_monsterinsights_sitenote_note":"","_monsterinsights_sitenote_category":0},"product_brand":[],"product_cat":[823],"product_tag":[],"brand":[],"target-group":[],"discontinued":[],"class_list":{"0":"post-60918","1":"product","2":"type-product","3":"status-archive","5":"product_cat-bruder","7":"first","8":"outofstock","9":"taxable","10":"shipping-taxable","11":"product-type-simple"},"aioseo_notices":[],"_links":{"self":[{"href":"https:\/\/games.tactic.net\/sv\/wp-json\/wp\/v2\/product\/60918","targetHints":{"allow":["GET"]}}],"collection":[{"href":"https:\/\/games.tactic.net\/sv\/wp-json\/wp\/v2\/product"}],"about":[{"href":"https:\/\/games.tactic.net\/sv\/wp-json\/wp\/v2\/types\/product"}],"wp:attachment":[{"href":"https:\/\/games.tactic.net\/sv\/wp-json\/wp\/v2\/media?parent=60918"}],"wp:term":[{"taxonomy":"product_brand","embeddable":true,"href":"https:\/\/games.tactic.net\/sv\/wp-json\/wp\/v2\/product_brand?post=60918"},{"taxonomy":"product_cat","embeddable":true,"href":"https:\/\/games.tactic.net\/sv\/wp-json\/wp\/v2\/product_cat?post=60918"},{"taxonomy":"product_tag","embeddable":true,"href":"https:\/\/games.tactic.net\/sv\/wp-json\/wp\/v2\/product_tag?post=60918"},{"taxonomy":"brand","embeddable":true,"href":"https:\/\/games.tactic.net\/sv\/wp-json\/wp\/v2\/brand?post=60918"},{"taxonomy":"target-group","embeddable":true,"href":"https:\/\/games.tactic.net\/sv\/wp-json\/wp\/v2\/target-group?post=60918"},{"taxonomy":"discontinued","embeddable":true,"href":"https:\/\/games.tactic.net\/sv\/wp-json\/wp\/v2\/discontinued?post=60918"}],"curies":[{"name":"wp","href":"https:\/\/api.w.org\/{rel}","templated":true}]}}