{"id":60895,"date":"2021-02-16T11:02:03","date_gmt":"2021-02-16T09:02:03","guid":{"rendered":"https:\/\/dev.tactic.net\/tuote\/massey-ferguson-7600-traktor-med-frontlastare\/"},"modified":"2023-10-20T16:45:44","modified_gmt":"2023-10-20T13:45:44","slug":"massey-ferguson-7600-traktor-med-frontlastare","status":"publish","type":"product","link":"https:\/\/games.tactic.net\/sv\/tuote\/massey-ferguson-7600-traktor-med-frontlastare\/","title":{"rendered":"Bruder Massey Ferguson 7624 traktor med frontlastare leksak"},"content":{"rendered":"<p>F\u00f6rutom utm\u00e4rkelsen \u201d\u00c5rets maskin 2012\u201d i premiumklassen (180\u2013260 hk) p\u00e5 Agritechnica vann MF 7600-serien flera internationella priser, bl.a. \u201dTractor of the Year for Design 2012\u201d. Inte konstigt att BRUDER inkluderat detta kraftpaket i sitt sortiment. Modellen har glasad hytt, \u00f6ppningsbara d\u00f6rrar och motorhuv samt realistisk styrning via extra ratt genom taket. Den pendlande framaxeln ger smidighet, och det avtagbara frontvikten samt frontlastaren g\u00f6r traktorn mycket m\u00e5ngsidig. Den h\u00f6jdjusterbara dragkroken passar m\u00e5nga BRUDER-tillbeh\u00f6r och sl\u00e4p, s\u00e5 barn kan \u00e5terskapa alla arbetsmoment p\u00e5 g\u00e5rden. Passande figurer finns i BRUDER:s sortiment.<\/p>\n","protected":false},"excerpt":{"rendered":"<p>MF 7600 PREMIUM-PRO: \u00f6ppningsbar hytt och motorhuv, realistisk styrning, avtagbar vikt och frontlastare. Med justerbar koppling \u2013 en kraftfull traktor f\u00f6r lek p\u00e5 g\u00e5rden.<\/p>\n","protected":false},"featured_media":0,"template":"","meta":{"content-type":"","_monsterinsights_skip_tracking":false,"_monsterinsights_sitenote_active":false,"_monsterinsights_sitenote_note":"","_monsterinsights_sitenote_category":0},"product_brand":[],"product_cat":[823],"product_tag":[],"brand":[],"target-group":[],"discontinued":[],"class_list":{"0":"post-60895","1":"product","2":"type-product","3":"status-publish","5":"product_cat-bruder","7":"first","8":"outofstock","9":"taxable","10":"shipping-taxable","11":"product-type-simple"},"aioseo_notices":[],"_links":{"self":[{"href":"https:\/\/games.tactic.net\/sv\/wp-json\/wp\/v2\/product\/60895","targetHints":{"allow":["GET"]}}],"collection":[{"href":"https:\/\/games.tactic.net\/sv\/wp-json\/wp\/v2\/product"}],"about":[{"href":"https:\/\/games.tactic.net\/sv\/wp-json\/wp\/v2\/types\/product"}],"wp:attachment":[{"href":"https:\/\/games.tactic.net\/sv\/wp-json\/wp\/v2\/media?parent=60895"}],"wp:term":[{"taxonomy":"product_brand","embeddable":true,"href":"https:\/\/games.tactic.net\/sv\/wp-json\/wp\/v2\/product_brand?post=60895"},{"taxonomy":"product_cat","embeddable":true,"href":"https:\/\/games.tactic.net\/sv\/wp-json\/wp\/v2\/product_cat?post=60895"},{"taxonomy":"product_tag","embeddable":true,"href":"https:\/\/games.tactic.net\/sv\/wp-json\/wp\/v2\/product_tag?post=60895"},{"taxonomy":"brand","embeddable":true,"href":"https:\/\/games.tactic.net\/sv\/wp-json\/wp\/v2\/brand?post=60895"},{"taxonomy":"target-group","embeddable":true,"href":"https:\/\/games.tactic.net\/sv\/wp-json\/wp\/v2\/target-group?post=60895"},{"taxonomy":"discontinued","embeddable":true,"href":"https:\/\/games.tactic.net\/sv\/wp-json\/wp\/v2\/discontinued?post=60895"}],"curies":[{"name":"wp","href":"https:\/\/api.w.org\/{rel}","templated":true}]}}