{"id":60894,"date":"2021-02-16T11:02:00","date_gmt":"2021-02-16T09:02:00","guid":{"rendered":"https:\/\/dev.tactic.net\/tuote\/massey-ferguson-7600-traktor\/"},"modified":"2023-10-20T16:45:15","modified_gmt":"2023-10-20T13:45:15","slug":"massey-ferguson-7600-traktor","status":"publish","type":"product","link":"https:\/\/games.tactic.net\/sv\/tuote\/massey-ferguson-7600-traktor\/","title":{"rendered":"Bruder Massey Ferguson 7624 traktor leksak"},"content":{"rendered":"<p>F\u00f6rutom utm\u00e4rkelsen \u201d\u00c5rets maskin 2012\u201d i premiumklassen (180\u2013260 hk) p\u00e5 Agritechnica vann MF 7600-serien flera internationella priser, bl.a. \u201dTractor of the Year for Design 2012\u201d. Det \u00e4r d\u00e4rf\u00f6r sj\u00e4lvklart att BRUDER tog in denna kraftpaket i sin PREMIUM-PRO-linje. Modellen har allt som utm\u00e4rker denna traktor\u00adklass: glasad hytt, \u00f6ppningsbara d\u00f6rrar och motorhuv, samt realistisk styrning via en extra ratt genom taket. Den pendlande framaxeln f\u00f6rb\u00e4ttrar smidigheten, och det avtagbara frontvikten samt frontlastarf\u00e4stet g\u00f6r traktorn till en m\u00e5ngsidig allrounder. Den h\u00f6jdjusterbara dragkroken passar m\u00e5nga BRUDER-tillbeh\u00f6r och sl\u00e4p, s\u00e5 barn kan \u00e5terskapa alla situationer en traktorf\u00f6rare m\u00f6ter. Passande figurer finns i BRUDER:s breda sortiment.<\/p>\n","protected":false},"excerpt":{"rendered":"<p>Prisbel\u00f6nt MF 7600 PREMIUM-PRO! Med glasad hytt, \u00f6ppningsbara d\u00f6rrar och motorhuv, realistisk styrning, avtagbar vikt och drag. Passar alla BRUDER-trailers.<\/p>\n","protected":false},"featured_media":0,"template":"","meta":{"content-type":"","_monsterinsights_skip_tracking":false,"_monsterinsights_sitenote_active":false,"_monsterinsights_sitenote_note":"","_monsterinsights_sitenote_category":0},"product_brand":[],"product_cat":[823],"product_tag":[],"brand":[],"target-group":[],"discontinued":[],"class_list":{"0":"post-60894","1":"product","2":"type-product","3":"status-publish","5":"product_cat-bruder","7":"first","8":"instock","9":"taxable","10":"shipping-taxable","11":"product-type-simple"},"aioseo_notices":[],"_links":{"self":[{"href":"https:\/\/games.tactic.net\/sv\/wp-json\/wp\/v2\/product\/60894","targetHints":{"allow":["GET"]}}],"collection":[{"href":"https:\/\/games.tactic.net\/sv\/wp-json\/wp\/v2\/product"}],"about":[{"href":"https:\/\/games.tactic.net\/sv\/wp-json\/wp\/v2\/types\/product"}],"wp:attachment":[{"href":"https:\/\/games.tactic.net\/sv\/wp-json\/wp\/v2\/media?parent=60894"}],"wp:term":[{"taxonomy":"product_brand","embeddable":true,"href":"https:\/\/games.tactic.net\/sv\/wp-json\/wp\/v2\/product_brand?post=60894"},{"taxonomy":"product_cat","embeddable":true,"href":"https:\/\/games.tactic.net\/sv\/wp-json\/wp\/v2\/product_cat?post=60894"},{"taxonomy":"product_tag","embeddable":true,"href":"https:\/\/games.tactic.net\/sv\/wp-json\/wp\/v2\/product_tag?post=60894"},{"taxonomy":"brand","embeddable":true,"href":"https:\/\/games.tactic.net\/sv\/wp-json\/wp\/v2\/brand?post=60894"},{"taxonomy":"target-group","embeddable":true,"href":"https:\/\/games.tactic.net\/sv\/wp-json\/wp\/v2\/target-group?post=60894"},{"taxonomy":"discontinued","embeddable":true,"href":"https:\/\/games.tactic.net\/sv\/wp-json\/wp\/v2\/discontinued?post=60894"}],"curies":[{"name":"wp","href":"https:\/\/api.w.org\/{rel}","templated":true}]}}