{"id":60893,"date":"2021-02-16T11:01:57","date_gmt":"2021-02-16T09:01:57","guid":{"rendered":"https:\/\/dev.tactic.net\/tuote\/claas-xerion-5000-traktor\/"},"modified":"2023-10-20T15:44:30","modified_gmt":"2023-10-20T12:44:30","slug":"claas-xerion-5000-traktor","status":"publish","type":"product","link":"https:\/\/games.tactic.net\/sv\/tuote\/claas-xerion-5000-traktor\/","title":{"rendered":"Bruder Claas Xerion 5000 traktor leksak"},"content":{"rendered":"<p>Claas Xerion 5000 utstr\u00e5lar kraft med sina stora, j\u00e4mnstora hjul och robusta design. Men den erbjuder ocks\u00e5 intelligenta l\u00f6sningar f\u00f6r m\u00e5nga anv\u00e4ndningsomr\u00e5den \u2013 d\u00e4rf\u00f6r kallas den f\u00f6r &#8221;intelligent power&#8221;. BRUDER:s modell har samma egenskaper: styrning via taklucka, vridbar hytt, fyrhjulsstyrning samt krabbg\u00e5ngsfunktion. Hytten \u00e4r glasad med \u00f6ppningsbara d\u00f6rrar och draget \u00e4r h\u00f6jdjusterbart. En unik och kraftfull traktor i BRUDER:s sortiment.<\/p>\n","protected":false},"excerpt":{"rendered":"<p>Claas Xerion 5000 utstr\u00e5lar kraft direkt. Den stora BRUDER-traktorn \u00e4r trogen originalet med m\u00e5nga justerbara funktioner och detaljer.<\/p>\n","protected":false},"featured_media":0,"template":"","meta":{"content-type":"","_monsterinsights_skip_tracking":false,"_monsterinsights_sitenote_active":false,"_monsterinsights_sitenote_note":"","_monsterinsights_sitenote_category":0},"product_brand":[],"product_cat":[823],"product_tag":[],"brand":[],"target-group":[],"discontinued":[],"class_list":{"0":"post-60893","1":"product","2":"type-product","3":"status-publish","5":"product_cat-bruder","7":"first","8":"instock","9":"taxable","10":"shipping-taxable","11":"product-type-simple"},"aioseo_notices":[],"_links":{"self":[{"href":"https:\/\/games.tactic.net\/sv\/wp-json\/wp\/v2\/product\/60893","targetHints":{"allow":["GET"]}}],"collection":[{"href":"https:\/\/games.tactic.net\/sv\/wp-json\/wp\/v2\/product"}],"about":[{"href":"https:\/\/games.tactic.net\/sv\/wp-json\/wp\/v2\/types\/product"}],"wp:attachment":[{"href":"https:\/\/games.tactic.net\/sv\/wp-json\/wp\/v2\/media?parent=60893"}],"wp:term":[{"taxonomy":"product_brand","embeddable":true,"href":"https:\/\/games.tactic.net\/sv\/wp-json\/wp\/v2\/product_brand?post=60893"},{"taxonomy":"product_cat","embeddable":true,"href":"https:\/\/games.tactic.net\/sv\/wp-json\/wp\/v2\/product_cat?post=60893"},{"taxonomy":"product_tag","embeddable":true,"href":"https:\/\/games.tactic.net\/sv\/wp-json\/wp\/v2\/product_tag?post=60893"},{"taxonomy":"brand","embeddable":true,"href":"https:\/\/games.tactic.net\/sv\/wp-json\/wp\/v2\/brand?post=60893"},{"taxonomy":"target-group","embeddable":true,"href":"https:\/\/games.tactic.net\/sv\/wp-json\/wp\/v2\/target-group?post=60893"},{"taxonomy":"discontinued","embeddable":true,"href":"https:\/\/games.tactic.net\/sv\/wp-json\/wp\/v2\/discontinued?post=60893"}],"curies":[{"name":"wp","href":"https:\/\/api.w.org\/{rel}","templated":true}]}}