{"id":60890,"date":"2021-02-16T11:01:48","date_gmt":"2021-02-16T09:01:48","guid":{"rendered":"https:\/\/dev.tactic.net\/tuote\/tillbehor-ljud-ljus-modul-lastbilar\/"},"modified":"2025-12-08T09:50:14","modified_gmt":"2025-12-08T07:50:14","slug":"tillbehor-ljud-ljus-modul-lastbilar","status":"archive","type":"product","link":"https:\/\/games.tactic.net\/sv\/tuote\/tillbehor-ljud-ljus-modul-lastbilar\/","title":{"rendered":"Bruder Tillbeh\u00f6r: Ljud\/Ljus modul, lastbilar"},"content":{"rendered":"<p>Extra sp\u00e4nnande lek: ljus och ljudenhet med fyra olika ljud: horn, motorljud, blinkande ljus och sirener. Tv\u00e5 standard AAA batterier medf\u00f6ljer. Sirenen kan med en kontakt skifta mellan amerikansk version och europeisk. Denna enhet passar till alla MAN och MB Actros lastbilar samt Volvo og MB Unimogs.<\/p>\n","protected":false},"excerpt":{"rendered":"<p>Extra sp\u00e4nnande lek: ljus och ljudenhet med fyra olika ljud: horn, motorljud, blinkande ljus och sirener. Tv\u00e5 standard AAA batterier medf\u00f6ljer. Sirenen kan med en kontakt skifta mellan amerikansk version och europeisk. Denna enhet passar till alla MAN och MB Actros lastbilar samt Volvo og MB Unimogs.<\/p>\n","protected":false},"featured_media":0,"template":"","meta":{"content-type":"","_monsterinsights_skip_tracking":false,"_monsterinsights_sitenote_active":false,"_monsterinsights_sitenote_note":"","_monsterinsights_sitenote_category":0},"product_brand":[],"product_cat":[823],"product_tag":[],"brand":[],"target-group":[],"discontinued":[],"class_list":{"0":"post-60890","1":"product","2":"type-product","3":"status-archive","5":"product_cat-bruder","7":"first","8":"outofstock","9":"taxable","10":"shipping-taxable","11":"product-type-simple"},"aioseo_notices":[],"_links":{"self":[{"href":"https:\/\/games.tactic.net\/sv\/wp-json\/wp\/v2\/product\/60890","targetHints":{"allow":["GET"]}}],"collection":[{"href":"https:\/\/games.tactic.net\/sv\/wp-json\/wp\/v2\/product"}],"about":[{"href":"https:\/\/games.tactic.net\/sv\/wp-json\/wp\/v2\/types\/product"}],"wp:attachment":[{"href":"https:\/\/games.tactic.net\/sv\/wp-json\/wp\/v2\/media?parent=60890"}],"wp:term":[{"taxonomy":"product_brand","embeddable":true,"href":"https:\/\/games.tactic.net\/sv\/wp-json\/wp\/v2\/product_brand?post=60890"},{"taxonomy":"product_cat","embeddable":true,"href":"https:\/\/games.tactic.net\/sv\/wp-json\/wp\/v2\/product_cat?post=60890"},{"taxonomy":"product_tag","embeddable":true,"href":"https:\/\/games.tactic.net\/sv\/wp-json\/wp\/v2\/product_tag?post=60890"},{"taxonomy":"brand","embeddable":true,"href":"https:\/\/games.tactic.net\/sv\/wp-json\/wp\/v2\/brand?post=60890"},{"taxonomy":"target-group","embeddable":true,"href":"https:\/\/games.tactic.net\/sv\/wp-json\/wp\/v2\/target-group?post=60890"},{"taxonomy":"discontinued","embeddable":true,"href":"https:\/\/games.tactic.net\/sv\/wp-json\/wp\/v2\/discontinued?post=60890"}],"curies":[{"name":"wp","href":"https:\/\/api.w.org\/{rel}","templated":true}]}}