{"id":60888,"date":"2021-02-16T11:01:42","date_gmt":"2021-02-16T09:01:42","guid":{"rendered":"https:\/\/dev.tactic.net\/tuote\/man-tga-brandbil-med-ljud-och-ljus\/"},"modified":"2023-10-20T16:34:45","modified_gmt":"2023-10-20T13:34:45","slug":"man-tga-brandbil-med-ljud-och-ljus","status":"publish","type":"product","link":"https:\/\/games.tactic.net\/sv\/tuote\/man-tga-brandbil-med-ljud-och-ljus\/","title":{"rendered":"Bruder MAN TGA Brandbil med ljud och ljus"},"content":{"rendered":"<p>Brandbilens motorhuv kan f\u00e4llas upp s\u00e5 att motorn blir synlig. Stegplattformen \u00e4r vridbar och stegen kan skjutas ut med ett handvred och justeras i h\u00f6jd. Den integrerade vattentanken kan fyllas p\u00e5. Vattenslangen kan rullas upp och har en fullt fungerande vattenspruta i \u00e4nden. Fyra st\u00f6dben garanterar h\u00f6g stabilitet.<\/p>\n","protected":false},"excerpt":{"rendered":"<p>Brandbilens motorhuv kan f\u00e4llas upp s\u00e5 att motorn blir synlig. Stegplattformen \u00e4r vridbar och stegen kan skjutas ut med ett handvred och justeras i h\u00f6jd. Den integrerade vattentanken kan fyllas p\u00e5. Vattenslangen kan rullas upp och har en fullt fungerande vattenspruta i \u00e4nden. Fyra st\u00f6dben garanterar h\u00f6g stabilitet.<\/p>\n","protected":false},"featured_media":0,"template":"","meta":{"content-type":"","_monsterinsights_skip_tracking":false,"_monsterinsights_sitenote_active":false,"_monsterinsights_sitenote_note":"","_monsterinsights_sitenote_category":0},"product_brand":[],"product_cat":[823],"product_tag":[],"brand":[],"target-group":[],"discontinued":[],"class_list":{"0":"post-60888","1":"product","2":"type-product","3":"status-publish","5":"product_cat-bruder","7":"first","8":"instock","9":"taxable","10":"shipping-taxable","11":"product-type-simple"},"aioseo_notices":[],"_links":{"self":[{"href":"https:\/\/games.tactic.net\/sv\/wp-json\/wp\/v2\/product\/60888","targetHints":{"allow":["GET"]}}],"collection":[{"href":"https:\/\/games.tactic.net\/sv\/wp-json\/wp\/v2\/product"}],"about":[{"href":"https:\/\/games.tactic.net\/sv\/wp-json\/wp\/v2\/types\/product"}],"wp:attachment":[{"href":"https:\/\/games.tactic.net\/sv\/wp-json\/wp\/v2\/media?parent=60888"}],"wp:term":[{"taxonomy":"product_brand","embeddable":true,"href":"https:\/\/games.tactic.net\/sv\/wp-json\/wp\/v2\/product_brand?post=60888"},{"taxonomy":"product_cat","embeddable":true,"href":"https:\/\/games.tactic.net\/sv\/wp-json\/wp\/v2\/product_cat?post=60888"},{"taxonomy":"product_tag","embeddable":true,"href":"https:\/\/games.tactic.net\/sv\/wp-json\/wp\/v2\/product_tag?post=60888"},{"taxonomy":"brand","embeddable":true,"href":"https:\/\/games.tactic.net\/sv\/wp-json\/wp\/v2\/brand?post=60888"},{"taxonomy":"target-group","embeddable":true,"href":"https:\/\/games.tactic.net\/sv\/wp-json\/wp\/v2\/target-group?post=60888"},{"taxonomy":"discontinued","embeddable":true,"href":"https:\/\/games.tactic.net\/sv\/wp-json\/wp\/v2\/discontinued?post=60888"}],"curies":[{"name":"wp","href":"https:\/\/api.w.org\/{rel}","templated":true}]}}