{"id":60887,"date":"2021-02-16T11:01:39","date_gmt":"2021-02-16T09:01:39","guid":{"rendered":"https:\/\/dev.tactic.net\/tuote\/man-tga-timmerlastbil-med-kran-och-3-timmerstockar\/"},"modified":"2023-10-20T16:39:26","modified_gmt":"2023-10-20T13:39:26","slug":"man-tga-timmerlastbil-med-kran-och-3-timmerstockar","status":"publish","type":"product","link":"https:\/\/games.tactic.net\/sv\/tuote\/man-tga-timmerlastbil-med-kran-och-3-timmerstockar\/","title":{"rendered":"Bruder MAN TGA Timmerlastbil med kran och 3 timmerstockar"},"content":{"rendered":"<p>P\u00e5 denna timmerbil kan f\u00f6rarhytten f\u00e4llas upp s\u00e5 man ser motorn. Speglarna p\u00e5 f\u00f6rarhytten kan f\u00e4llas ut och flakets sidor f\u00e4llas upp. Den fullt fungerande lastkranen har en grip f\u00f6r lastning och lossning. Tre tr\u00e4dstammar ing\u00e5r.<\/p>\n","protected":false},"excerpt":{"rendered":"<p>P\u00e5 denna timmerbil kan f\u00f6rarhytten f\u00e4llas upp s\u00e5 man ser motorn. Speglarna p\u00e5 f\u00f6rarhytten kan f\u00e4llas ut och flakets sidor f\u00e4llas upp. Den fullt fungerande lastkranen har en grip f\u00f6r lastning och lossning. Tre tr\u00e4dstammar ing\u00e5r.<\/p>\n","protected":false},"featured_media":0,"template":"","meta":{"content-type":"","_monsterinsights_skip_tracking":false,"_monsterinsights_sitenote_active":false,"_monsterinsights_sitenote_note":"","_monsterinsights_sitenote_category":0},"product_brand":[],"product_cat":[823],"product_tag":[],"brand":[],"target-group":[],"discontinued":[],"class_list":{"0":"post-60887","1":"product","2":"type-product","3":"status-publish","5":"product_cat-bruder","7":"first","8":"instock","9":"taxable","10":"shipping-taxable","11":"product-type-simple"},"aioseo_notices":[],"_links":{"self":[{"href":"https:\/\/games.tactic.net\/sv\/wp-json\/wp\/v2\/product\/60887","targetHints":{"allow":["GET"]}}],"collection":[{"href":"https:\/\/games.tactic.net\/sv\/wp-json\/wp\/v2\/product"}],"about":[{"href":"https:\/\/games.tactic.net\/sv\/wp-json\/wp\/v2\/types\/product"}],"wp:attachment":[{"href":"https:\/\/games.tactic.net\/sv\/wp-json\/wp\/v2\/media?parent=60887"}],"wp:term":[{"taxonomy":"product_brand","embeddable":true,"href":"https:\/\/games.tactic.net\/sv\/wp-json\/wp\/v2\/product_brand?post=60887"},{"taxonomy":"product_cat","embeddable":true,"href":"https:\/\/games.tactic.net\/sv\/wp-json\/wp\/v2\/product_cat?post=60887"},{"taxonomy":"product_tag","embeddable":true,"href":"https:\/\/games.tactic.net\/sv\/wp-json\/wp\/v2\/product_tag?post=60887"},{"taxonomy":"brand","embeddable":true,"href":"https:\/\/games.tactic.net\/sv\/wp-json\/wp\/v2\/brand?post=60887"},{"taxonomy":"target-group","embeddable":true,"href":"https:\/\/games.tactic.net\/sv\/wp-json\/wp\/v2\/target-group?post=60887"},{"taxonomy":"discontinued","embeddable":true,"href":"https:\/\/games.tactic.net\/sv\/wp-json\/wp\/v2\/discontinued?post=60887"}],"curies":[{"name":"wp","href":"https:\/\/api.w.org\/{rel}","templated":true}]}}