{"id":60885,"date":"2021-02-16T11:01:32","date_gmt":"2021-02-16T09:01:32","guid":{"rendered":"https:\/\/dev.tactic.net\/tuote\/man-tga-kranbil\/"},"modified":"2023-10-20T16:34:20","modified_gmt":"2023-10-20T13:34:20","slug":"man-tga-kranbil","status":"publish","type":"product","link":"https:\/\/games.tactic.net\/sv\/tuote\/man-tga-kranbil\/","title":{"rendered":"Bruder MAN TGA Kranlastbil leksak"},"content":{"rendered":"<p>MAN kranbil med tippbar hytt, motorvy, sv\u00e4ngbar kran, vinsch med vev, snabbfrig\u00f6ringsknapp och fyra st\u00f6dben. Verktygsl\u00e5da ing\u00e5r. Kan kompletteras med Ljus- &#038; Ljudmodul (art.nr. 02801).<\/p>\n","protected":false},"excerpt":{"rendered":"<p>BRUDER MAN TGA Kranlastbil med realistiska funktioner och tillbeh\u00f6r f\u00f6r l\u00e5ngvarig lek. Kan kompletteras med Ljus- och Ljudmodul.<\/p>\n","protected":false},"featured_media":0,"template":"","meta":{"content-type":"","_monsterinsights_skip_tracking":false,"_monsterinsights_sitenote_active":false,"_monsterinsights_sitenote_note":"","_monsterinsights_sitenote_category":0},"product_brand":[],"product_cat":[823],"product_tag":[],"brand":[],"target-group":[],"discontinued":[],"class_list":{"0":"post-60885","1":"product","2":"type-product","3":"status-publish","5":"product_cat-bruder","7":"first","8":"instock","9":"taxable","10":"shipping-taxable","11":"product-type-simple"},"aioseo_notices":[],"_links":{"self":[{"href":"https:\/\/games.tactic.net\/sv\/wp-json\/wp\/v2\/product\/60885","targetHints":{"allow":["GET"]}}],"collection":[{"href":"https:\/\/games.tactic.net\/sv\/wp-json\/wp\/v2\/product"}],"about":[{"href":"https:\/\/games.tactic.net\/sv\/wp-json\/wp\/v2\/types\/product"}],"wp:attachment":[{"href":"https:\/\/games.tactic.net\/sv\/wp-json\/wp\/v2\/media?parent=60885"}],"wp:term":[{"taxonomy":"product_brand","embeddable":true,"href":"https:\/\/games.tactic.net\/sv\/wp-json\/wp\/v2\/product_brand?post=60885"},{"taxonomy":"product_cat","embeddable":true,"href":"https:\/\/games.tactic.net\/sv\/wp-json\/wp\/v2\/product_cat?post=60885"},{"taxonomy":"product_tag","embeddable":true,"href":"https:\/\/games.tactic.net\/sv\/wp-json\/wp\/v2\/product_tag?post=60885"},{"taxonomy":"brand","embeddable":true,"href":"https:\/\/games.tactic.net\/sv\/wp-json\/wp\/v2\/brand?post=60885"},{"taxonomy":"target-group","embeddable":true,"href":"https:\/\/games.tactic.net\/sv\/wp-json\/wp\/v2\/target-group?post=60885"},{"taxonomy":"discontinued","embeddable":true,"href":"https:\/\/games.tactic.net\/sv\/wp-json\/wp\/v2\/discontinued?post=60885"}],"curies":[{"name":"wp","href":"https:\/\/api.w.org\/{rel}","templated":true}]}}