{"id":60884,"date":"2021-02-16T11:01:29","date_gmt":"2021-02-16T09:01:29","guid":{"rendered":"https:\/\/dev.tactic.net\/tuote\/man-tga-lastbil-med-gravmaskin-fr-130\/"},"modified":"2023-10-20T16:33:38","modified_gmt":"2023-10-20T13:33:38","slug":"man-tga-lastbil-med-gravmaskin-fr-130","status":"publish","type":"product","link":"https:\/\/games.tactic.net\/sv\/tuote\/man-tga-lastbil-med-gravmaskin-fr-130\/","title":{"rendered":"Bruder MAN TGA Lastbil med Gr\u00e4vmaskin FR 130"},"content":{"rendered":"<p>Detta set omfattar b\u00e5de en MAN lastbil och en hjultraktor s\u00e5 att det roliga kan b\u00f6rja genast. Tre av sidorna p\u00e5 lastbilen kan f\u00e4llas ner och flaket kan tippas och l\u00e5sas. Den midjestyrda traktorn FR 130 har en fullt fungerande skoparm, som kan l\u00e5sas i fast l\u00e4ge.<\/p>\n","protected":false},"excerpt":{"rendered":"<p>Detta set omfattar b\u00e5de en MAN lastbil och en hjultraktor s\u00e5 att det roliga kan b\u00f6rja genast. Tre av sidorna p\u00e5 lastbilen kan f\u00e4llas ner och flaket kan tippas och l\u00e5sas. Den midjestyrda traktorn FR 130 har en fullt fungerande skoparm, som kan l\u00e5sas i fast l\u00e4ge.<\/p>\n","protected":false},"featured_media":0,"template":"","meta":{"content-type":"","_monsterinsights_skip_tracking":false,"_monsterinsights_sitenote_active":false,"_monsterinsights_sitenote_note":"","_monsterinsights_sitenote_category":0},"product_brand":[],"product_cat":[823],"product_tag":[],"brand":[],"target-group":[],"discontinued":[],"class_list":{"0":"post-60884","1":"product","2":"type-product","3":"status-publish","5":"product_cat-bruder","7":"first","8":"instock","9":"taxable","10":"shipping-taxable","11":"product-type-simple"},"aioseo_notices":[],"_links":{"self":[{"href":"https:\/\/games.tactic.net\/sv\/wp-json\/wp\/v2\/product\/60884","targetHints":{"allow":["GET"]}}],"collection":[{"href":"https:\/\/games.tactic.net\/sv\/wp-json\/wp\/v2\/product"}],"about":[{"href":"https:\/\/games.tactic.net\/sv\/wp-json\/wp\/v2\/types\/product"}],"wp:attachment":[{"href":"https:\/\/games.tactic.net\/sv\/wp-json\/wp\/v2\/media?parent=60884"}],"wp:term":[{"taxonomy":"product_brand","embeddable":true,"href":"https:\/\/games.tactic.net\/sv\/wp-json\/wp\/v2\/product_brand?post=60884"},{"taxonomy":"product_cat","embeddable":true,"href":"https:\/\/games.tactic.net\/sv\/wp-json\/wp\/v2\/product_cat?post=60884"},{"taxonomy":"product_tag","embeddable":true,"href":"https:\/\/games.tactic.net\/sv\/wp-json\/wp\/v2\/product_tag?post=60884"},{"taxonomy":"brand","embeddable":true,"href":"https:\/\/games.tactic.net\/sv\/wp-json\/wp\/v2\/brand?post=60884"},{"taxonomy":"target-group","embeddable":true,"href":"https:\/\/games.tactic.net\/sv\/wp-json\/wp\/v2\/target-group?post=60884"},{"taxonomy":"discontinued","embeddable":true,"href":"https:\/\/games.tactic.net\/sv\/wp-json\/wp\/v2\/discontinued?post=60884"}],"curies":[{"name":"wp","href":"https:\/\/api.w.org\/{rel}","templated":true}]}}