{"id":60883,"date":"2021-02-16T11:01:26","date_gmt":"2021-02-16T09:01:26","guid":{"rendered":"https:\/\/dev.tactic.net\/tuote\/man-tga-kranbil-med-terrangfordon\/"},"modified":"2023-10-11T10:05:51","modified_gmt":"2023-10-11T07:05:51","slug":"man-tga-kranbil-med-terrangfordon","status":"publish","type":"product","link":"https:\/\/games.tactic.net\/sv\/tuote\/man-tga-kranbil-med-terrangfordon\/","title":{"rendered":"Bruder MAN TGA Kranbil med terr\u00e4ngfordon"},"content":{"rendered":"<p>B\u00e4rgningsbilen lastar en bil som varit inblandad i en krock och ska till verkstad. Lastrampen kan tas av och kranen \u00e4r utskjutbar och kan vridas. Det utdragbara hjullyftet m\u00f6jligg\u00f6r snabb och s\u00e4ker bogsering. Ett terr\u00e4ngg\u00e5ende forden medf\u00f6ljer.<\/p>\n","protected":false},"excerpt":{"rendered":"<p>B\u00e4rgningsbilen lastar en bil som varit inblandad i en krock och ska till verkstad. Lastrampen kan tas av och kranen \u00e4r utskjutbar och kan vridas. Det utdragbara hjullyftet m\u00f6jligg\u00f6r snabb och s\u00e4ker bogsering. Ett terr\u00e4ngg\u00e5ende forden medf\u00f6ljer.<\/p>\n","protected":false},"featured_media":0,"template":"","meta":{"content-type":"","_monsterinsights_skip_tracking":false,"_monsterinsights_sitenote_active":false,"_monsterinsights_sitenote_note":"","_monsterinsights_sitenote_category":0},"product_brand":[],"product_cat":[823],"product_tag":[],"brand":[],"target-group":[],"discontinued":[],"class_list":{"0":"post-60883","1":"product","2":"type-product","3":"status-publish","5":"product_cat-bruder","7":"first","8":"instock","9":"taxable","10":"shipping-taxable","11":"product-type-simple"},"aioseo_notices":[],"_links":{"self":[{"href":"https:\/\/games.tactic.net\/sv\/wp-json\/wp\/v2\/product\/60883","targetHints":{"allow":["GET"]}}],"collection":[{"href":"https:\/\/games.tactic.net\/sv\/wp-json\/wp\/v2\/product"}],"about":[{"href":"https:\/\/games.tactic.net\/sv\/wp-json\/wp\/v2\/types\/product"}],"wp:attachment":[{"href":"https:\/\/games.tactic.net\/sv\/wp-json\/wp\/v2\/media?parent=60883"}],"wp:term":[{"taxonomy":"product_brand","embeddable":true,"href":"https:\/\/games.tactic.net\/sv\/wp-json\/wp\/v2\/product_brand?post=60883"},{"taxonomy":"product_cat","embeddable":true,"href":"https:\/\/games.tactic.net\/sv\/wp-json\/wp\/v2\/product_cat?post=60883"},{"taxonomy":"product_tag","embeddable":true,"href":"https:\/\/games.tactic.net\/sv\/wp-json\/wp\/v2\/product_tag?post=60883"},{"taxonomy":"brand","embeddable":true,"href":"https:\/\/games.tactic.net\/sv\/wp-json\/wp\/v2\/brand?post=60883"},{"taxonomy":"target-group","embeddable":true,"href":"https:\/\/games.tactic.net\/sv\/wp-json\/wp\/v2\/target-group?post=60883"},{"taxonomy":"discontinued","embeddable":true,"href":"https:\/\/games.tactic.net\/sv\/wp-json\/wp\/v2\/discontinued?post=60883"}],"curies":[{"name":"wp","href":"https:\/\/api.w.org\/{rel}","templated":true}]}}