{"id":60882,"date":"2021-02-16T11:01:23","date_gmt":"2021-02-16T09:01:23","guid":{"rendered":"https:\/\/dev.tactic.net\/tuote\/man-tga-betongbil\/"},"modified":"2023-11-06T10:08:25","modified_gmt":"2023-11-06T08:08:25","slug":"man-tga-betongbil","status":"archive","type":"product","link":"https:\/\/games.tactic.net\/sv\/tuote\/man-tga-betongbil\/","title":{"rendered":"Bruder MAN TGA Betongbil"},"content":{"rendered":"<p>F\u00f6rarhytten p\u00e5 MAN betongblandare kan f\u00e4llas upp s\u00e5 att motorn blir synlig. Sidospeglarna kan f\u00e4llas ut och vattentanken fyllas p\u00e5. Tanken med integrerad blandningsskruv kan snurras med en vev och cementr\u00e4nnan f\u00e4llas ut.<\/p>\n","protected":false},"excerpt":{"rendered":"<p>F\u00f6rarhytten p\u00e5 MAN betongblandare kan f\u00e4llas upp s\u00e5 att motorn blir synlig. Sidospeglarna kan f\u00e4llas ut och vattentanken fyllas p\u00e5. Tanken med integrerad blandningsskruv kan snurras med en vev och cementr\u00e4nnan f\u00e4llas ut.<\/p>\n","protected":false},"featured_media":0,"template":"","meta":{"content-type":"","_monsterinsights_skip_tracking":false,"_monsterinsights_sitenote_active":false,"_monsterinsights_sitenote_note":"","_monsterinsights_sitenote_category":0},"product_brand":[],"product_cat":[823],"product_tag":[],"brand":[],"target-group":[],"discontinued":[],"class_list":{"0":"post-60882","1":"product","2":"type-product","3":"status-archive","5":"product_cat-bruder","7":"first","8":"outofstock","9":"taxable","10":"shipping-taxable","11":"product-type-simple"},"aioseo_notices":[],"_links":{"self":[{"href":"https:\/\/games.tactic.net\/sv\/wp-json\/wp\/v2\/product\/60882","targetHints":{"allow":["GET"]}}],"collection":[{"href":"https:\/\/games.tactic.net\/sv\/wp-json\/wp\/v2\/product"}],"about":[{"href":"https:\/\/games.tactic.net\/sv\/wp-json\/wp\/v2\/types\/product"}],"wp:attachment":[{"href":"https:\/\/games.tactic.net\/sv\/wp-json\/wp\/v2\/media?parent=60882"}],"wp:term":[{"taxonomy":"product_brand","embeddable":true,"href":"https:\/\/games.tactic.net\/sv\/wp-json\/wp\/v2\/product_brand?post=60882"},{"taxonomy":"product_cat","embeddable":true,"href":"https:\/\/games.tactic.net\/sv\/wp-json\/wp\/v2\/product_cat?post=60882"},{"taxonomy":"product_tag","embeddable":true,"href":"https:\/\/games.tactic.net\/sv\/wp-json\/wp\/v2\/product_tag?post=60882"},{"taxonomy":"brand","embeddable":true,"href":"https:\/\/games.tactic.net\/sv\/wp-json\/wp\/v2\/brand?post=60882"},{"taxonomy":"target-group","embeddable":true,"href":"https:\/\/games.tactic.net\/sv\/wp-json\/wp\/v2\/target-group?post=60882"},{"taxonomy":"discontinued","embeddable":true,"href":"https:\/\/games.tactic.net\/sv\/wp-json\/wp\/v2\/discontinued?post=60882"}],"curies":[{"name":"wp","href":"https:\/\/api.w.org\/{rel}","templated":true}]}}