{"id":60879,"date":"2021-02-16T11:01:13","date_gmt":"2021-02-16T09:01:13","guid":{"rendered":"https:\/\/dev.tactic.net\/tuote\/land-rover-defender-med-slap-inkl-jcb-minilastare-figur\/"},"modified":"2023-10-20T16:10:19","modified_gmt":"2023-10-20T13:10:19","slug":"land-rover-defender-med-slap-inkl-jcb-minilastare-figur","status":"publish","type":"product","link":"https:\/\/games.tactic.net\/sv\/tuote\/land-rover-defender-med-slap-inkl-jcb-minilastare-figur\/","title":{"rendered":"Bruder Land Rover Defender med sl\u00e4p inkl. JCB Minilastare + figur"},"content":{"rendered":"<p>Imponerande offroad kvalitet och tidl\u00f6s Land Rover design i kombination med en detaljrik kopia av JCB mikrogr\u00e4vmaskin fr\u00e5n den nya bworld serien &#8211; perfekt till sm\u00e5 byggnadsarbetare. Den lilla gr\u00e4vmaskinen \u00e4r f\u00f6rv\u00e5nansv\u00e4rt trogen i sina detaljer. En transportvagn och en arbetare medf\u00f6ljer.<\/p>\n","protected":false},"excerpt":{"rendered":"<p>Imponerande offroad kvalitet och tidl\u00f6s Land Rover design i kombination med en detaljrik kopia av JCB mikrogr\u00e4vmaskin fr\u00e5n den nya bworld serien &#8211; perfekt till sm\u00e5 byggnadsarbetare. Den lilla gr\u00e4vmaskinen \u00e4r f\u00f6rv\u00e5nansv\u00e4rt trogen i sina detaljer. En transportvagn och en arbetare medf\u00f6ljer.<\/p>\n","protected":false},"featured_media":0,"template":"","meta":{"content-type":"","_monsterinsights_skip_tracking":false,"_monsterinsights_sitenote_active":false,"_monsterinsights_sitenote_note":"","_monsterinsights_sitenote_category":0},"product_brand":[],"product_cat":[823],"product_tag":[],"brand":[],"target-group":[],"discontinued":[],"class_list":{"0":"post-60879","1":"product","2":"type-product","3":"status-publish","5":"product_cat-bruder","7":"first","8":"outofstock","9":"taxable","10":"shipping-taxable","11":"product-type-simple"},"aioseo_notices":[],"_links":{"self":[{"href":"https:\/\/games.tactic.net\/sv\/wp-json\/wp\/v2\/product\/60879","targetHints":{"allow":["GET"]}}],"collection":[{"href":"https:\/\/games.tactic.net\/sv\/wp-json\/wp\/v2\/product"}],"about":[{"href":"https:\/\/games.tactic.net\/sv\/wp-json\/wp\/v2\/types\/product"}],"wp:attachment":[{"href":"https:\/\/games.tactic.net\/sv\/wp-json\/wp\/v2\/media?parent=60879"}],"wp:term":[{"taxonomy":"product_brand","embeddable":true,"href":"https:\/\/games.tactic.net\/sv\/wp-json\/wp\/v2\/product_brand?post=60879"},{"taxonomy":"product_cat","embeddable":true,"href":"https:\/\/games.tactic.net\/sv\/wp-json\/wp\/v2\/product_cat?post=60879"},{"taxonomy":"product_tag","embeddable":true,"href":"https:\/\/games.tactic.net\/sv\/wp-json\/wp\/v2\/product_tag?post=60879"},{"taxonomy":"brand","embeddable":true,"href":"https:\/\/games.tactic.net\/sv\/wp-json\/wp\/v2\/brand?post=60879"},{"taxonomy":"target-group","embeddable":true,"href":"https:\/\/games.tactic.net\/sv\/wp-json\/wp\/v2\/target-group?post=60879"},{"taxonomy":"discontinued","embeddable":true,"href":"https:\/\/games.tactic.net\/sv\/wp-json\/wp\/v2\/discontinued?post=60879"}],"curies":[{"name":"wp","href":"https:\/\/api.w.org\/{rel}","templated":true}]}}