{"id":60878,"date":"2021-02-16T11:01:10","date_gmt":"2021-02-16T09:01:10","guid":{"rendered":"https:\/\/dev.tactic.net\/tuote\/land-rover-defender-station-wagon-med-hasttrailer-1-hast\/"},"modified":"2023-10-20T16:10:52","modified_gmt":"2023-10-20T13:10:52","slug":"land-rover-defender-station-wagon-med-hasttrailer-1-hast","status":"publish","type":"product","link":"https:\/\/games.tactic.net\/sv\/tuote\/land-rover-defender-station-wagon-med-hasttrailer-1-hast\/","title":{"rendered":"Bruder Land Rover Defender Station Wagon med H\u00e4sttrailer + 1 h\u00e4st"},"content":{"rendered":"<p>Varje detalj p\u00e5 denna Land Rover \u00e4r trogna kopior av originalet och inneh\u00e5ller m\u00e5nga fullt fungerande egenskaper. Fordonet \u00e4r ocks\u00e5 mycket attraktivt f\u00f6r h\u00e4stintresserade eftersom det kombinerar off-road kapacitet och elegant design med m\u00f6jligheten att koppla till en h\u00e4sttrailer. En skalenlig h\u00e4st ing\u00e5r.<\/p>\n","protected":false},"excerpt":{"rendered":"<p>Varje detalj p\u00e5 denna Land Rover \u00e4r trogna kopior av originalet och inneh\u00e5ller m\u00e5nga fullt fungerande egenskaper. Fordonet \u00e4r ocks\u00e5 mycket attraktivt f\u00f6r h\u00e4stintresserade eftersom det kombinerar off-road kapacitet och elegant design med m\u00f6jligheten att koppla till en h\u00e4sttrailer. En skalenlig h\u00e4st ing\u00e5r.<\/p>\n","protected":false},"featured_media":0,"template":"","meta":{"content-type":"","_monsterinsights_skip_tracking":false,"_monsterinsights_sitenote_active":false,"_monsterinsights_sitenote_note":"","_monsterinsights_sitenote_category":0},"product_brand":[],"product_cat":[823],"product_tag":[],"brand":[],"target-group":[],"discontinued":[],"class_list":{"0":"post-60878","1":"product","2":"type-product","3":"status-publish","5":"product_cat-bruder","7":"first","8":"outofstock","9":"taxable","10":"shipping-taxable","11":"product-type-simple"},"aioseo_notices":[],"_links":{"self":[{"href":"https:\/\/games.tactic.net\/sv\/wp-json\/wp\/v2\/product\/60878","targetHints":{"allow":["GET"]}}],"collection":[{"href":"https:\/\/games.tactic.net\/sv\/wp-json\/wp\/v2\/product"}],"about":[{"href":"https:\/\/games.tactic.net\/sv\/wp-json\/wp\/v2\/types\/product"}],"wp:attachment":[{"href":"https:\/\/games.tactic.net\/sv\/wp-json\/wp\/v2\/media?parent=60878"}],"wp:term":[{"taxonomy":"product_brand","embeddable":true,"href":"https:\/\/games.tactic.net\/sv\/wp-json\/wp\/v2\/product_brand?post=60878"},{"taxonomy":"product_cat","embeddable":true,"href":"https:\/\/games.tactic.net\/sv\/wp-json\/wp\/v2\/product_cat?post=60878"},{"taxonomy":"product_tag","embeddable":true,"href":"https:\/\/games.tactic.net\/sv\/wp-json\/wp\/v2\/product_tag?post=60878"},{"taxonomy":"brand","embeddable":true,"href":"https:\/\/games.tactic.net\/sv\/wp-json\/wp\/v2\/brand?post=60878"},{"taxonomy":"target-group","embeddable":true,"href":"https:\/\/games.tactic.net\/sv\/wp-json\/wp\/v2\/target-group?post=60878"},{"taxonomy":"discontinued","embeddable":true,"href":"https:\/\/games.tactic.net\/sv\/wp-json\/wp\/v2\/discontinued?post=60878"}],"curies":[{"name":"wp","href":"https:\/\/api.w.org\/{rel}","templated":true}]}}