{"id":60877,"date":"2021-02-16T11:01:07","date_gmt":"2021-02-16T09:01:07","guid":{"rendered":"https:\/\/dev.tactic.net\/tuote\/land-rover-defender-station-wagon\/"},"modified":"2023-12-12T18:31:16","modified_gmt":"2023-12-12T16:31:16","slug":"land-rover-defender-station-wagon","status":"archive","type":"product","link":"https:\/\/games.tactic.net\/sv\/tuote\/land-rover-defender-station-wagon\/","title":{"rendered":"Bruder Land Rover Defender Station Wagon"},"content":{"rendered":"<p>Motorhuven, bakd\u00f6rren och sidod\u00f6rrarna kan \u00f6ppnas. Baks\u00e4tet kan lyftas ut och dragkulan tas av. Fj\u00e4dring p\u00e5 b\u00e5de fram- och bakaxel g\u00f6r fordonet smidigt i all slags terr\u00e4ng. Framaxeln kan styras med en extra rattst\u00e5ng.<\/p>\n","protected":false},"excerpt":{"rendered":"<p>Motorhuven, bakd\u00f6rren och sidod\u00f6rrarna kan \u00f6ppnas. Baks\u00e4tet kan lyftas ut och dragkulan tas av. Fj\u00e4dring p\u00e5 b\u00e5de fram- och bakaxel g\u00f6r fordonet smidigt i all slags terr\u00e4ng. Framaxeln kan styras med en extra rattst\u00e5ng.<\/p>\n","protected":false},"featured_media":0,"template":"","meta":{"content-type":"","_monsterinsights_skip_tracking":false,"_monsterinsights_sitenote_active":false,"_monsterinsights_sitenote_note":"","_monsterinsights_sitenote_category":0},"product_brand":[],"product_cat":[823],"product_tag":[],"brand":[],"target-group":[],"discontinued":[],"class_list":{"0":"post-60877","1":"product","2":"type-product","3":"status-archive","5":"product_cat-bruder","7":"first","8":"outofstock","9":"taxable","10":"shipping-taxable","11":"product-type-simple"},"aioseo_notices":[],"_links":{"self":[{"href":"https:\/\/games.tactic.net\/sv\/wp-json\/wp\/v2\/product\/60877","targetHints":{"allow":["GET"]}}],"collection":[{"href":"https:\/\/games.tactic.net\/sv\/wp-json\/wp\/v2\/product"}],"about":[{"href":"https:\/\/games.tactic.net\/sv\/wp-json\/wp\/v2\/types\/product"}],"wp:attachment":[{"href":"https:\/\/games.tactic.net\/sv\/wp-json\/wp\/v2\/media?parent=60877"}],"wp:term":[{"taxonomy":"product_brand","embeddable":true,"href":"https:\/\/games.tactic.net\/sv\/wp-json\/wp\/v2\/product_brand?post=60877"},{"taxonomy":"product_cat","embeddable":true,"href":"https:\/\/games.tactic.net\/sv\/wp-json\/wp\/v2\/product_cat?post=60877"},{"taxonomy":"product_tag","embeddable":true,"href":"https:\/\/games.tactic.net\/sv\/wp-json\/wp\/v2\/product_tag?post=60877"},{"taxonomy":"brand","embeddable":true,"href":"https:\/\/games.tactic.net\/sv\/wp-json\/wp\/v2\/brand?post=60877"},{"taxonomy":"target-group","embeddable":true,"href":"https:\/\/games.tactic.net\/sv\/wp-json\/wp\/v2\/target-group?post=60877"},{"taxonomy":"discontinued","embeddable":true,"href":"https:\/\/games.tactic.net\/sv\/wp-json\/wp\/v2\/discontinued?post=60877"}],"curies":[{"name":"wp","href":"https:\/\/api.w.org\/{rel}","templated":true}]}}