{"id":60876,"date":"2021-02-16T11:01:04","date_gmt":"2021-02-16T09:01:04","guid":{"rendered":"https:\/\/dev.tactic.net\/tuote\/tillbehor-sopmaskin\/"},"modified":"2024-03-12T08:50:32","modified_gmt":"2024-03-12T06:50:32","slug":"tillbehor-sopmaskin","status":"archive","type":"product","link":"https:\/\/games.tactic.net\/sv\/tuote\/tillbehor-sopmaskin\/","title":{"rendered":"Tillbeh\u00f6r: Sopmaskin"},"content":{"rendered":"<p>V\u00e4gsoparens runda borste roterar vid k\u00f6rning och kan vridas eller f\u00e4llas upp. Den kan anv\u00e4ndas b\u00e5de som fronttillbeh\u00f6r eller sl\u00e4p. V\u00e4gsoparen passar alla traktorer i Profil serien och MB Unimog.<\/p>\n","protected":false},"excerpt":{"rendered":"<p>V\u00e4gsoparens runda borste roterar vid k\u00f6rning och kan vridas eller f\u00e4llas upp. Den kan anv\u00e4ndas b\u00e5de som fronttillbeh\u00f6r eller sl\u00e4p. V\u00e4gsoparen passar alla traktorer i Profil serien och MB Unimog.<\/p>\n","protected":false},"featured_media":0,"template":"","meta":{"content-type":"","_monsterinsights_skip_tracking":false,"_monsterinsights_sitenote_active":false,"_monsterinsights_sitenote_note":"","_monsterinsights_sitenote_category":0},"product_brand":[],"product_cat":[823],"product_tag":[],"brand":[],"target-group":[],"discontinued":[],"class_list":{"0":"post-60876","1":"product","2":"type-product","3":"status-archive","5":"product_cat-bruder","7":"first","8":"outofstock","9":"taxable","10":"shipping-taxable","11":"product-type-simple"},"aioseo_notices":[],"_links":{"self":[{"href":"https:\/\/games.tactic.net\/sv\/wp-json\/wp\/v2\/product\/60876","targetHints":{"allow":["GET"]}}],"collection":[{"href":"https:\/\/games.tactic.net\/sv\/wp-json\/wp\/v2\/product"}],"about":[{"href":"https:\/\/games.tactic.net\/sv\/wp-json\/wp\/v2\/types\/product"}],"wp:attachment":[{"href":"https:\/\/games.tactic.net\/sv\/wp-json\/wp\/v2\/media?parent=60876"}],"wp:term":[{"taxonomy":"product_brand","embeddable":true,"href":"https:\/\/games.tactic.net\/sv\/wp-json\/wp\/v2\/product_brand?post=60876"},{"taxonomy":"product_cat","embeddable":true,"href":"https:\/\/games.tactic.net\/sv\/wp-json\/wp\/v2\/product_cat?post=60876"},{"taxonomy":"product_tag","embeddable":true,"href":"https:\/\/games.tactic.net\/sv\/wp-json\/wp\/v2\/product_tag?post=60876"},{"taxonomy":"brand","embeddable":true,"href":"https:\/\/games.tactic.net\/sv\/wp-json\/wp\/v2\/brand?post=60876"},{"taxonomy":"target-group","embeddable":true,"href":"https:\/\/games.tactic.net\/sv\/wp-json\/wp\/v2\/target-group?post=60876"},{"taxonomy":"discontinued","embeddable":true,"href":"https:\/\/games.tactic.net\/sv\/wp-json\/wp\/v2\/discontinued?post=60876"}],"curies":[{"name":"wp","href":"https:\/\/api.w.org\/{rel}","templated":true}]}}