{"id":60875,"date":"2021-02-16T11:01:01","date_gmt":"2021-02-16T09:01:01","guid":{"rendered":"https:\/\/dev.tactic.net\/tuote\/tillbehor-plogblad-2\/"},"modified":"2023-10-20T15:24:08","modified_gmt":"2023-10-20T12:24:08","slug":"tillbehor-plogblad-2","status":"publish","type":"product","link":"https:\/\/games.tactic.net\/sv\/tuote\/tillbehor-plogblad-2\/","title":{"rendered":"Bruder Tillbeh\u00f6r: Plogblad"},"content":{"rendered":"<p>P\u00e5 vintern, n\u00e4r sn\u00f6n faller ymnigt, beh\u00f6vs starka plogbilar s\u00e5 att trafiken kan fungera. Med den h\u00e4r leksaksplogen blir sn\u00f6t\u00e4ckta landskap \u00e4nnu roligare f\u00f6r barnen. Plogen passar till alla Bruder lastbilar och dess vinkel och h\u00f6jd kan justeras.<\/p>\n","protected":false},"excerpt":{"rendered":"<p>P\u00e5 vintern, n\u00e4r sn\u00f6n faller ymnigt, beh\u00f6vs starka plogbilar s\u00e5 att trafiken kan fungera. Med den h\u00e4r leksaksplogen blir sn\u00f6t\u00e4ckta landskap \u00e4nnu roligare f\u00f6r barnen. Plogen passar till alla Bruder lastbilar och dess vinkel och h\u00f6jd kan justeras.<\/p>\n","protected":false},"featured_media":0,"template":"","meta":{"content-type":"","_monsterinsights_skip_tracking":false,"_monsterinsights_sitenote_active":false,"_monsterinsights_sitenote_note":"","_monsterinsights_sitenote_category":0},"product_brand":[],"product_cat":[823],"product_tag":[],"brand":[],"target-group":[],"discontinued":[],"class_list":{"0":"post-60875","1":"product","2":"type-product","3":"status-publish","5":"product_cat-bruder","7":"first","8":"instock","9":"taxable","10":"shipping-taxable","11":"product-type-simple"},"aioseo_notices":[],"_links":{"self":[{"href":"https:\/\/games.tactic.net\/sv\/wp-json\/wp\/v2\/product\/60875","targetHints":{"allow":["GET"]}}],"collection":[{"href":"https:\/\/games.tactic.net\/sv\/wp-json\/wp\/v2\/product"}],"about":[{"href":"https:\/\/games.tactic.net\/sv\/wp-json\/wp\/v2\/types\/product"}],"wp:attachment":[{"href":"https:\/\/games.tactic.net\/sv\/wp-json\/wp\/v2\/media?parent=60875"}],"wp:term":[{"taxonomy":"product_brand","embeddable":true,"href":"https:\/\/games.tactic.net\/sv\/wp-json\/wp\/v2\/product_brand?post=60875"},{"taxonomy":"product_cat","embeddable":true,"href":"https:\/\/games.tactic.net\/sv\/wp-json\/wp\/v2\/product_cat?post=60875"},{"taxonomy":"product_tag","embeddable":true,"href":"https:\/\/games.tactic.net\/sv\/wp-json\/wp\/v2\/product_tag?post=60875"},{"taxonomy":"brand","embeddable":true,"href":"https:\/\/games.tactic.net\/sv\/wp-json\/wp\/v2\/brand?post=60875"},{"taxonomy":"target-group","embeddable":true,"href":"https:\/\/games.tactic.net\/sv\/wp-json\/wp\/v2\/target-group?post=60875"},{"taxonomy":"discontinued","embeddable":true,"href":"https:\/\/games.tactic.net\/sv\/wp-json\/wp\/v2\/discontinued?post=60875"}],"curies":[{"name":"wp","href":"https:\/\/api.w.org\/{rel}","templated":true}]}}