{"id":60874,"date":"2021-02-16T11:00:58","date_gmt":"2021-02-16T09:00:58","guid":{"rendered":"https:\/\/dev.tactic.net\/tuote\/tillbehor-plogblad\/"},"modified":"2023-10-20T15:23:45","modified_gmt":"2023-10-20T12:23:45","slug":"tillbehor-plogblad","status":"publish","type":"product","link":"https:\/\/games.tactic.net\/sv\/tuote\/tillbehor-plogblad\/","title":{"rendered":"Bruder Tillbeh\u00f6r: Plogblad"},"content":{"rendered":"<p>Det helt fungerande plogbladet kan vridas, justeras i h\u00f6jd och l\u00e5sas i position. Bladet passar alla traktorer i Profi serien samt MB Unimog.<\/p>\n","protected":false},"excerpt":{"rendered":"<p>Det helt fungerande plogbladet kan vridas, justeras i h\u00f6jd och l\u00e5sas i position. Bladet passar alla traktorer i Profi serien samt MB Unimog.<\/p>\n","protected":false},"featured_media":0,"template":"","meta":{"content-type":"","_monsterinsights_skip_tracking":false,"_monsterinsights_sitenote_active":false,"_monsterinsights_sitenote_note":"","_monsterinsights_sitenote_category":0},"product_brand":[],"product_cat":[823],"product_tag":[],"brand":[],"target-group":[],"discontinued":[],"class_list":{"0":"post-60874","1":"product","2":"type-product","3":"status-publish","5":"product_cat-bruder","7":"first","8":"outofstock","9":"taxable","10":"shipping-taxable","11":"product-type-simple"},"aioseo_notices":[],"_links":{"self":[{"href":"https:\/\/games.tactic.net\/sv\/wp-json\/wp\/v2\/product\/60874","targetHints":{"allow":["GET"]}}],"collection":[{"href":"https:\/\/games.tactic.net\/sv\/wp-json\/wp\/v2\/product"}],"about":[{"href":"https:\/\/games.tactic.net\/sv\/wp-json\/wp\/v2\/types\/product"}],"wp:attachment":[{"href":"https:\/\/games.tactic.net\/sv\/wp-json\/wp\/v2\/media?parent=60874"}],"wp:term":[{"taxonomy":"product_brand","embeddable":true,"href":"https:\/\/games.tactic.net\/sv\/wp-json\/wp\/v2\/product_brand?post=60874"},{"taxonomy":"product_cat","embeddable":true,"href":"https:\/\/games.tactic.net\/sv\/wp-json\/wp\/v2\/product_cat?post=60874"},{"taxonomy":"product_tag","embeddable":true,"href":"https:\/\/games.tactic.net\/sv\/wp-json\/wp\/v2\/product_tag?post=60874"},{"taxonomy":"brand","embeddable":true,"href":"https:\/\/games.tactic.net\/sv\/wp-json\/wp\/v2\/brand?post=60874"},{"taxonomy":"target-group","embeddable":true,"href":"https:\/\/games.tactic.net\/sv\/wp-json\/wp\/v2\/target-group?post=60874"},{"taxonomy":"discontinued","embeddable":true,"href":"https:\/\/games.tactic.net\/sv\/wp-json\/wp\/v2\/discontinued?post=60874"}],"curies":[{"name":"wp","href":"https:\/\/api.w.org\/{rel}","templated":true}]}}