{"id":60873,"date":"2021-02-16T11:00:55","date_gmt":"2021-02-16T09:00:55","guid":{"rendered":"https:\/\/dev.tactic.net\/tuote\/mb-unimog-plog-saltbil\/"},"modified":"2023-10-20T16:51:32","modified_gmt":"2023-10-20T13:51:32","slug":"mb-unimog-plog-saltbil","status":"publish","type":"product","link":"https:\/\/games.tactic.net\/sv\/tuote\/mb-unimog-plog-saltbil\/","title":{"rendered":"Bruder Mercedes-Benz Unimog Plog\/Saltbil"},"content":{"rendered":"<p>Plogen p\u00e5 MB Unimogs sn\u00f6plog kan vridas och s\u00e4nkas. Locket p\u00e5 silon kan \u00f6ppnas med reglaget och beh\u00e5llaren fyllas och st\u00e4ngas. Saltspridaren fungerar som i verkligheten.<\/p>\n","protected":false},"excerpt":{"rendered":"<p>Plogen p\u00e5 MB Unimogs sn\u00f6plog kan vridas och s\u00e4nkas. Locket p\u00e5 silon kan \u00f6ppnas med reglaget och beh\u00e5llaren fyllas och st\u00e4ngas. Saltspridaren fungerar som i verkligheten.<\/p>\n","protected":false},"featured_media":0,"template":"","meta":{"content-type":"","_monsterinsights_skip_tracking":false,"_monsterinsights_sitenote_active":false,"_monsterinsights_sitenote_note":"","_monsterinsights_sitenote_category":0},"product_brand":[],"product_cat":[823],"product_tag":[],"brand":[],"target-group":[],"discontinued":[],"class_list":{"0":"post-60873","1":"product","2":"type-product","3":"status-publish","5":"product_cat-bruder","7":"first","8":"outofstock","9":"taxable","10":"shipping-taxable","11":"product-type-simple"},"aioseo_notices":[],"_links":{"self":[{"href":"https:\/\/games.tactic.net\/sv\/wp-json\/wp\/v2\/product\/60873","targetHints":{"allow":["GET"]}}],"collection":[{"href":"https:\/\/games.tactic.net\/sv\/wp-json\/wp\/v2\/product"}],"about":[{"href":"https:\/\/games.tactic.net\/sv\/wp-json\/wp\/v2\/types\/product"}],"wp:attachment":[{"href":"https:\/\/games.tactic.net\/sv\/wp-json\/wp\/v2\/media?parent=60873"}],"wp:term":[{"taxonomy":"product_brand","embeddable":true,"href":"https:\/\/games.tactic.net\/sv\/wp-json\/wp\/v2\/product_brand?post=60873"},{"taxonomy":"product_cat","embeddable":true,"href":"https:\/\/games.tactic.net\/sv\/wp-json\/wp\/v2\/product_cat?post=60873"},{"taxonomy":"product_tag","embeddable":true,"href":"https:\/\/games.tactic.net\/sv\/wp-json\/wp\/v2\/product_tag?post=60873"},{"taxonomy":"brand","embeddable":true,"href":"https:\/\/games.tactic.net\/sv\/wp-json\/wp\/v2\/brand?post=60873"},{"taxonomy":"target-group","embeddable":true,"href":"https:\/\/games.tactic.net\/sv\/wp-json\/wp\/v2\/target-group?post=60873"},{"taxonomy":"discontinued","embeddable":true,"href":"https:\/\/games.tactic.net\/sv\/wp-json\/wp\/v2\/discontinued?post=60873"}],"curies":[{"name":"wp","href":"https:\/\/api.w.org\/{rel}","templated":true}]}}