{"id":60869,"date":"2021-02-16T11:00:46","date_gmt":"2021-02-16T09:00:46","guid":{"rendered":"https:\/\/dev.tactic.net\/tuote\/mb-sprinter-hasttransport-inkl-1-hast\/"},"modified":"2022-10-25T15:38:24","modified_gmt":"2022-10-25T12:38:24","slug":"mb-sprinter-hasttransport-inkl-1-hast","status":"archive","type":"product","link":"https:\/\/games.tactic.net\/sv\/tuote\/mb-sprinter-hasttransport-inkl-1-hast\/","title":{"rendered":"MB Sprinter H\u00e4sttransport inkl. 1 h\u00e4st"},"content":{"rendered":"<p>Bilen f\u00f6r h\u00e4sttransport har en verklighetstrogen, modern h\u00e4stbox med flyttbar skiljev\u00e4gg och tv\u00e5 vattentr\u00e5g. Rampen kan f\u00e4llas ner s\u00e5 h\u00e4sten kan g\u00e5 in och ut i vagnen. En h\u00e4st ing\u00e5r.<\/p>\n","protected":false},"excerpt":{"rendered":"<p>Bilen f\u00f6r h\u00e4sttransport har en verklighetstrogen, modern h\u00e4stbox med flyttbar skiljev\u00e4gg och tv\u00e5 vattentr\u00e5g. Rampen kan f\u00e4llas ner s\u00e5 h\u00e4sten kan g\u00e5 in och ut i vagnen. En h\u00e4st ing\u00e5r.<\/p>\n","protected":false},"featured_media":0,"template":"","meta":{"content-type":"","_monsterinsights_skip_tracking":false,"_monsterinsights_sitenote_active":false,"_monsterinsights_sitenote_note":"","_monsterinsights_sitenote_category":0},"product_brand":[],"product_cat":[823],"product_tag":[],"brand":[],"target-group":[],"discontinued":[],"class_list":{"0":"post-60869","1":"product","2":"type-product","3":"status-archive","5":"product_cat-bruder","7":"first","8":"outofstock","9":"taxable","10":"shipping-taxable","11":"product-type-simple"},"aioseo_notices":[],"_links":{"self":[{"href":"https:\/\/games.tactic.net\/sv\/wp-json\/wp\/v2\/product\/60869","targetHints":{"allow":["GET"]}}],"collection":[{"href":"https:\/\/games.tactic.net\/sv\/wp-json\/wp\/v2\/product"}],"about":[{"href":"https:\/\/games.tactic.net\/sv\/wp-json\/wp\/v2\/types\/product"}],"wp:attachment":[{"href":"https:\/\/games.tactic.net\/sv\/wp-json\/wp\/v2\/media?parent=60869"}],"wp:term":[{"taxonomy":"product_brand","embeddable":true,"href":"https:\/\/games.tactic.net\/sv\/wp-json\/wp\/v2\/product_brand?post=60869"},{"taxonomy":"product_cat","embeddable":true,"href":"https:\/\/games.tactic.net\/sv\/wp-json\/wp\/v2\/product_cat?post=60869"},{"taxonomy":"product_tag","embeddable":true,"href":"https:\/\/games.tactic.net\/sv\/wp-json\/wp\/v2\/product_tag?post=60869"},{"taxonomy":"brand","embeddable":true,"href":"https:\/\/games.tactic.net\/sv\/wp-json\/wp\/v2\/brand?post=60869"},{"taxonomy":"target-group","embeddable":true,"href":"https:\/\/games.tactic.net\/sv\/wp-json\/wp\/v2\/target-group?post=60869"},{"taxonomy":"discontinued","embeddable":true,"href":"https:\/\/games.tactic.net\/sv\/wp-json\/wp\/v2\/discontinued?post=60869"}],"curies":[{"name":"wp","href":"https:\/\/api.w.org\/{rel}","templated":true}]}}