{"id":60868,"date":"2021-02-16T11:00:43","date_gmt":"2021-02-16T09:00:43","guid":{"rendered":"https:\/\/dev.tactic.net\/tuote\/mb-sprinter-brandbil-med-ljud-och-ljus\/"},"modified":"2023-10-02T09:28:00","modified_gmt":"2023-10-02T06:28:00","slug":"mb-sprinter-brandbil-med-ljud-och-ljus","status":"archive","type":"product","link":"https:\/\/games.tactic.net\/sv\/tuote\/mb-sprinter-brandbil-med-ljud-och-ljus\/","title":{"rendered":"Bruder MB Sprinter Brandbil med ljud och ljus"},"content":{"rendered":"<p>Denna brandbil har m\u00e5nga verklighetstrogna och fungerande detaljer. Den har bl.a. en vridbar och utskjutbar stege med r\u00e4ddningskorg och en fullt fungerande vattenspruta med synlig vattentank f\u00f6r brandbek\u00e4mpning. Nedf\u00e4llbara stabiliseringsben, olika verktygsh\u00e5llare, signalhorn och lampor som funger likt verkliga livet g\u00f6r den h\u00e4r bilen till en riktigt rolig leksak.<\/p>\n","protected":false},"excerpt":{"rendered":"<p>Denna brandbil har m\u00e5nga verklighetstrogna och fungerande detaljer. Den har bl.a. en vridbar och utskjutbar stege med r\u00e4ddningskorg och en fullt fungerande vattenspruta med synlig vattentank f\u00f6r brandbek\u00e4mpning. Nedf\u00e4llbara stabiliseringsben, olika verktygsh\u00e5llare, signalhorn och lampor som funger likt verkliga livet g\u00f6r den h\u00e4r bilen till en riktigt rolig leksak.<\/p>\n","protected":false},"featured_media":0,"template":"","meta":{"content-type":"","_monsterinsights_skip_tracking":false,"_monsterinsights_sitenote_active":false,"_monsterinsights_sitenote_note":"","_monsterinsights_sitenote_category":0},"product_brand":[],"product_cat":[823],"product_tag":[],"brand":[],"target-group":[],"discontinued":[],"class_list":{"0":"post-60868","1":"product","2":"type-product","3":"status-archive","5":"product_cat-bruder","7":"first","8":"outofstock","9":"taxable","10":"shipping-taxable","11":"product-type-simple"},"aioseo_notices":[],"_links":{"self":[{"href":"https:\/\/games.tactic.net\/sv\/wp-json\/wp\/v2\/product\/60868","targetHints":{"allow":["GET"]}}],"collection":[{"href":"https:\/\/games.tactic.net\/sv\/wp-json\/wp\/v2\/product"}],"about":[{"href":"https:\/\/games.tactic.net\/sv\/wp-json\/wp\/v2\/types\/product"}],"wp:attachment":[{"href":"https:\/\/games.tactic.net\/sv\/wp-json\/wp\/v2\/media?parent=60868"}],"wp:term":[{"taxonomy":"product_brand","embeddable":true,"href":"https:\/\/games.tactic.net\/sv\/wp-json\/wp\/v2\/product_brand?post=60868"},{"taxonomy":"product_cat","embeddable":true,"href":"https:\/\/games.tactic.net\/sv\/wp-json\/wp\/v2\/product_cat?post=60868"},{"taxonomy":"product_tag","embeddable":true,"href":"https:\/\/games.tactic.net\/sv\/wp-json\/wp\/v2\/product_tag?post=60868"},{"taxonomy":"brand","embeddable":true,"href":"https:\/\/games.tactic.net\/sv\/wp-json\/wp\/v2\/brand?post=60868"},{"taxonomy":"target-group","embeddable":true,"href":"https:\/\/games.tactic.net\/sv\/wp-json\/wp\/v2\/target-group?post=60868"},{"taxonomy":"discontinued","embeddable":true,"href":"https:\/\/games.tactic.net\/sv\/wp-json\/wp\/v2\/discontinued?post=60868"}],"curies":[{"name":"wp","href":"https:\/\/api.w.org\/{rel}","templated":true}]}}