{"id":60866,"date":"2021-02-16T11:00:36","date_gmt":"2021-02-16T09:00:36","guid":{"rendered":"https:\/\/dev.tactic.net\/tuote\/linde-gaffeltruck-h30d-med-2-pallar\/"},"modified":"2023-10-20T16:19:26","modified_gmt":"2023-10-20T13:19:26","slug":"linde-gaffeltruck-h30d-med-2-pallar","status":"publish","type":"product","link":"https:\/\/games.tactic.net\/sv\/tuote\/linde-gaffeltruck-h30d-med-2-pallar\/","title":{"rendered":"Bruder Linde Gaffeltruck H30D med 2 pallar"},"content":{"rendered":"<p>Linde H30D gaffeltruck \u00e4r en industriell gaffeltruck. Det imponerande originalet i Porsche-design var en mycket attraktiv mall f\u00f6r leksaksmodellen. Staplaren \u00e4r utrustad med en dubbelstegslyftmast vars lyft- och tiltfunktion kan hanteras med en hand. De hydrauliska lutningscylindrarna monterade i taket anv\u00e4nds f\u00f6r att st\u00e4lla in lutningen p\u00e5 lyftmasten. Modellen har l\u00e4ttanv\u00e4nd styrning som g\u00f6r att barnen kan man\u00f6vrera en last i den tr\u00e4ngsta utrymmet precis som originalet. Gaffelt\u00e4nderna \u00e4r naturligtvis justerbara och avtagbara. Tv\u00e5 Euro-pallar ing\u00e5r.<\/p>\n<p>Funktioner:<br \/>\nDragst\u00e5ngskoppling.<br \/>\nDubbel lyftmast.<br \/>\nJusterbara och avtagbara gaffelt\u00e4nder.<br \/>\nM\u00f6nstrade d\u00e4ck.<br \/>\nLyft- och tiltfunktion f\u00f6r enhandshantering.<\/p>\n<p>ALLM\u00c4NT:<br \/>\nKompatibel med bworld-figurer.<br \/>\nVARNING! Inte l\u00e4mplig f\u00f6r barn under 36 m\u00e5nader. Kv\u00e4vningsrisk &#8211; sm\u00e5 delar.<br \/>\nRekommenderad \u00e5lder: l\u00e4mplig fr\u00e5n 3 \u00e5r och upp\u00e5t f\u00f6r lek inomhus och utomhus.<br \/>\nTillverkad av h\u00f6gkvalitativa plaster som ABS.<br \/>\nSkala 1:16.<\/p>\n<p>Mottog Spiel Gut Award; f\u00f6r mer information, bes\u00f6k spielgut.org<\/p>\n","protected":false},"excerpt":{"rendered":"<p>Linde H30D gaffeltruck \u00e4r en staplare f\u00f6r industrin, utrustad med en tv\u00e5stegs lyftpelare, vars lyft- och tiltfunktion man\u00f6vreras med en hand. Modellen \u00e4r l\u00e4tt att styra och den justerbara gaffeln kan tas av. Tv\u00e5 pallar medf\u00f6ljer.<\/p>\n","protected":false},"featured_media":0,"template":"","meta":{"content-type":"","_monsterinsights_skip_tracking":false,"_monsterinsights_sitenote_active":false,"_monsterinsights_sitenote_note":"","_monsterinsights_sitenote_category":0},"product_brand":[],"product_cat":[823],"product_tag":[],"brand":[],"target-group":[],"discontinued":[],"class_list":{"0":"post-60866","1":"product","2":"type-product","3":"status-publish","5":"product_cat-bruder","7":"first","8":"instock","9":"taxable","10":"shipping-taxable","11":"product-type-simple"},"aioseo_notices":[],"_links":{"self":[{"href":"https:\/\/games.tactic.net\/sv\/wp-json\/wp\/v2\/product\/60866","targetHints":{"allow":["GET"]}}],"collection":[{"href":"https:\/\/games.tactic.net\/sv\/wp-json\/wp\/v2\/product"}],"about":[{"href":"https:\/\/games.tactic.net\/sv\/wp-json\/wp\/v2\/types\/product"}],"wp:attachment":[{"href":"https:\/\/games.tactic.net\/sv\/wp-json\/wp\/v2\/media?parent=60866"}],"wp:term":[{"taxonomy":"product_brand","embeddable":true,"href":"https:\/\/games.tactic.net\/sv\/wp-json\/wp\/v2\/product_brand?post=60866"},{"taxonomy":"product_cat","embeddable":true,"href":"https:\/\/games.tactic.net\/sv\/wp-json\/wp\/v2\/product_cat?post=60866"},{"taxonomy":"product_tag","embeddable":true,"href":"https:\/\/games.tactic.net\/sv\/wp-json\/wp\/v2\/product_tag?post=60866"},{"taxonomy":"brand","embeddable":true,"href":"https:\/\/games.tactic.net\/sv\/wp-json\/wp\/v2\/brand?post=60866"},{"taxonomy":"target-group","embeddable":true,"href":"https:\/\/games.tactic.net\/sv\/wp-json\/wp\/v2\/target-group?post=60866"},{"taxonomy":"discontinued","embeddable":true,"href":"https:\/\/games.tactic.net\/sv\/wp-json\/wp\/v2\/discontinued?post=60866"}],"curies":[{"name":"wp","href":"https:\/\/api.w.org\/{rel}","templated":true}]}}