{"id":60863,"date":"2021-02-16T11:00:28","date_gmt":"2021-02-16T09:00:28","guid":{"rendered":"https:\/\/dev.tactic.net\/tuote\/cat-stor-bandtraktor\/"},"modified":"2023-10-20T15:35:44","modified_gmt":"2023-10-20T12:35:44","slug":"cat-stor-bandtraktor","status":"publish","type":"product","link":"https:\/\/games.tactic.net\/sv\/tuote\/cat-stor-bandtraktor\/","title":{"rendered":"Bruder CAT Stor Bandtraktor"},"content":{"rendered":"<p>Dessa maskiner anv\u00e4nds fr\u00e4mst f\u00f6r att utj\u00e4mna stora ytor. De fullt fungerande larvbanden best\u00e5r av 62 l\u00e4nkar och klarar \u00e4ven tuffa, utmanande f\u00f6rh\u00e5llanden. H\u00f6jd och lutning p\u00e5 det v\u00e4ldiga utj\u00e4mningsbladet kan justeras liksom h\u00f6jden p\u00e5 den imponerande rivaren.<\/p>\n","protected":false},"excerpt":{"rendered":"<p>Dessa maskiner anv\u00e4nds fr\u00e4mst f\u00f6r att utj\u00e4mna stora ytor. De fullt fungerande larvbanden best\u00e5r av 62 l\u00e4nkar och klarar \u00e4ven tuffa, utmanande f\u00f6rh\u00e5llanden. H\u00f6jd och lutning p\u00e5 det v\u00e4ldiga utj\u00e4mningsbladet kan justeras liksom h\u00f6jden p\u00e5 den imponerande rivaren.<\/p>\n","protected":false},"featured_media":0,"template":"","meta":{"content-type":"","_monsterinsights_skip_tracking":false,"_monsterinsights_sitenote_active":false,"_monsterinsights_sitenote_note":"","_monsterinsights_sitenote_category":0},"product_brand":[],"product_cat":[823],"product_tag":[],"brand":[],"target-group":[],"discontinued":[],"class_list":{"0":"post-60863","1":"product","2":"type-product","3":"status-publish","5":"product_cat-bruder","7":"first","8":"instock","9":"taxable","10":"shipping-taxable","11":"product-type-simple"},"aioseo_notices":[],"_links":{"self":[{"href":"https:\/\/games.tactic.net\/sv\/wp-json\/wp\/v2\/product\/60863","targetHints":{"allow":["GET"]}}],"collection":[{"href":"https:\/\/games.tactic.net\/sv\/wp-json\/wp\/v2\/product"}],"about":[{"href":"https:\/\/games.tactic.net\/sv\/wp-json\/wp\/v2\/types\/product"}],"wp:attachment":[{"href":"https:\/\/games.tactic.net\/sv\/wp-json\/wp\/v2\/media?parent=60863"}],"wp:term":[{"taxonomy":"product_brand","embeddable":true,"href":"https:\/\/games.tactic.net\/sv\/wp-json\/wp\/v2\/product_brand?post=60863"},{"taxonomy":"product_cat","embeddable":true,"href":"https:\/\/games.tactic.net\/sv\/wp-json\/wp\/v2\/product_cat?post=60863"},{"taxonomy":"product_tag","embeddable":true,"href":"https:\/\/games.tactic.net\/sv\/wp-json\/wp\/v2\/product_tag?post=60863"},{"taxonomy":"brand","embeddable":true,"href":"https:\/\/games.tactic.net\/sv\/wp-json\/wp\/v2\/brand?post=60863"},{"taxonomy":"target-group","embeddable":true,"href":"https:\/\/games.tactic.net\/sv\/wp-json\/wp\/v2\/target-group?post=60863"},{"taxonomy":"discontinued","embeddable":true,"href":"https:\/\/games.tactic.net\/sv\/wp-json\/wp\/v2\/discontinued?post=60863"}],"curies":[{"name":"wp","href":"https:\/\/api.w.org\/{rel}","templated":true}]}}