{"id":60861,"date":"2021-02-16T11:00:22","date_gmt":"2021-02-16T09:00:22","guid":{"rendered":"https:\/\/dev.tactic.net\/tuote\/ausa-minidumper\/"},"modified":"2023-10-20T15:26:30","modified_gmt":"2023-10-20T12:26:30","slug":"ausa-minidumper","status":"publish","type":"product","link":"https:\/\/games.tactic.net\/sv\/tuote\/ausa-minidumper\/","title":{"rendered":"Bruder AUSA Minidumper"},"content":{"rendered":"<p>Minidumpers \u00e4r kapabla att transportera laster p\u00e5 upp till 4 ton p\u00e5 oj\u00e4mn och sv\u00e5r\u00e5tkomlig terr\u00e4ng. Precis som sin verkliga storebror, \u00e4r BRUDER dumper utrustad med midjestyrning och ett tipptr\u00e5g som kan vridas.<\/p>\n","protected":false},"excerpt":{"rendered":"<p>Minidumpers \u00e4r kapabla att transportera laster p\u00e5 upp till 4 ton p\u00e5 oj\u00e4mn och sv\u00e5r\u00e5tkomlig terr\u00e4ng. Precis som sin verkliga storebror, \u00e4r BRUDER dumper utrustad med midjestyrning och ett tipptr\u00e5g som kan vridas.<\/p>\n","protected":false},"featured_media":0,"template":"","meta":{"content-type":"","_monsterinsights_skip_tracking":false,"_monsterinsights_sitenote_active":false,"_monsterinsights_sitenote_note":"","_monsterinsights_sitenote_category":0},"product_brand":[],"product_cat":[823],"product_tag":[],"brand":[],"target-group":[],"discontinued":[],"class_list":{"0":"post-60861","1":"product","2":"type-product","3":"status-publish","5":"product_cat-bruder","7":"first","8":"instock","9":"taxable","10":"shipping-taxable","11":"product-type-simple"},"aioseo_notices":[],"_links":{"self":[{"href":"https:\/\/games.tactic.net\/sv\/wp-json\/wp\/v2\/product\/60861","targetHints":{"allow":["GET"]}}],"collection":[{"href":"https:\/\/games.tactic.net\/sv\/wp-json\/wp\/v2\/product"}],"about":[{"href":"https:\/\/games.tactic.net\/sv\/wp-json\/wp\/v2\/types\/product"}],"wp:attachment":[{"href":"https:\/\/games.tactic.net\/sv\/wp-json\/wp\/v2\/media?parent=60861"}],"wp:term":[{"taxonomy":"product_brand","embeddable":true,"href":"https:\/\/games.tactic.net\/sv\/wp-json\/wp\/v2\/product_brand?post=60861"},{"taxonomy":"product_cat","embeddable":true,"href":"https:\/\/games.tactic.net\/sv\/wp-json\/wp\/v2\/product_cat?post=60861"},{"taxonomy":"product_tag","embeddable":true,"href":"https:\/\/games.tactic.net\/sv\/wp-json\/wp\/v2\/product_tag?post=60861"},{"taxonomy":"brand","embeddable":true,"href":"https:\/\/games.tactic.net\/sv\/wp-json\/wp\/v2\/brand?post=60861"},{"taxonomy":"target-group","embeddable":true,"href":"https:\/\/games.tactic.net\/sv\/wp-json\/wp\/v2\/target-group?post=60861"},{"taxonomy":"discontinued","embeddable":true,"href":"https:\/\/games.tactic.net\/sv\/wp-json\/wp\/v2\/discontinued?post=60861"}],"curies":[{"name":"wp","href":"https:\/\/api.w.org\/{rel}","templated":true}]}}