{"id":60857,"date":"2021-02-16T11:00:09","date_gmt":"2021-02-16T09:00:09","guid":{"rendered":"https:\/\/dev.tactic.net\/tuote\/cat-kompaktgravare\/"},"modified":"2024-11-13T09:15:35","modified_gmt":"2024-11-13T07:15:35","slug":"cat-kompaktgravare","status":"archive","type":"product","link":"https:\/\/games.tactic.net\/sv\/tuote\/cat-kompaktgravare\/","title":{"rendered":"Bruder CAT Kompaktgr\u00e4vare"},"content":{"rendered":"<p>Caterpillar 908 hjullastare har en fullt fungerande lastarm med tippbar, l\u00f6stagbar frontskopa. Midjestyrning f\u00f6renklar man\u00f6vreringen.<\/p>\n","protected":false},"excerpt":{"rendered":"<p>Caterpillar 908 hjullastare har en fullt fungerande lastarm med tippbar, l\u00f6stagbar frontskopa. Midjestyrning f\u00f6renklar man\u00f6vreringen.<\/p>\n","protected":false},"featured_media":0,"template":"","meta":{"content-type":"","_monsterinsights_skip_tracking":false,"_monsterinsights_sitenote_active":false,"_monsterinsights_sitenote_note":"","_monsterinsights_sitenote_category":0},"product_brand":[],"product_cat":[823],"product_tag":[],"brand":[],"target-group":[],"discontinued":[],"class_list":{"0":"post-60857","1":"product","2":"type-product","3":"status-archive","5":"product_cat-bruder","7":"first","8":"outofstock","9":"taxable","10":"shipping-taxable","11":"product-type-simple"},"aioseo_notices":[],"_links":{"self":[{"href":"https:\/\/games.tactic.net\/sv\/wp-json\/wp\/v2\/product\/60857","targetHints":{"allow":["GET"]}}],"collection":[{"href":"https:\/\/games.tactic.net\/sv\/wp-json\/wp\/v2\/product"}],"about":[{"href":"https:\/\/games.tactic.net\/sv\/wp-json\/wp\/v2\/types\/product"}],"wp:attachment":[{"href":"https:\/\/games.tactic.net\/sv\/wp-json\/wp\/v2\/media?parent=60857"}],"wp:term":[{"taxonomy":"product_brand","embeddable":true,"href":"https:\/\/games.tactic.net\/sv\/wp-json\/wp\/v2\/product_brand?post=60857"},{"taxonomy":"product_cat","embeddable":true,"href":"https:\/\/games.tactic.net\/sv\/wp-json\/wp\/v2\/product_cat?post=60857"},{"taxonomy":"product_tag","embeddable":true,"href":"https:\/\/games.tactic.net\/sv\/wp-json\/wp\/v2\/product_tag?post=60857"},{"taxonomy":"brand","embeddable":true,"href":"https:\/\/games.tactic.net\/sv\/wp-json\/wp\/v2\/brand?post=60857"},{"taxonomy":"target-group","embeddable":true,"href":"https:\/\/games.tactic.net\/sv\/wp-json\/wp\/v2\/target-group?post=60857"},{"taxonomy":"discontinued","embeddable":true,"href":"https:\/\/games.tactic.net\/sv\/wp-json\/wp\/v2\/discontinued?post=60857"}],"curies":[{"name":"wp","href":"https:\/\/api.w.org\/{rel}","templated":true}]}}