{"id":60856,"date":"2021-02-16T11:00:06","date_gmt":"2021-02-16T09:00:06","guid":{"rendered":"https:\/\/dev.tactic.net\/tuote\/cat-gravmaskin\/"},"modified":"2021-02-16T11:00:06","modified_gmt":"2021-02-16T09:00:06","slug":"cat-gravmaskin","status":"publish","type":"product","link":"https:\/\/games.tactic.net\/sv\/tuote\/cat-gravmaskin\/","title":{"rendered":"CAT Gr\u00e4vmaskin"},"content":{"rendered":"<p>Banddriven gr\u00e4vskopa som enkelt styrs med ett handtag p\u00e5 kranen. Gr\u00e4varmen kan anv\u00e4ndas l\u00e5ngt under maskinens niv\u00e5 och skopan kan tas av. Larvbanden har \u00e4kta kedjel\u00e4nkar som kan f\u00f6rses med medf\u00f6ljande gummikl\u00e4dsel.<\/p>\n","protected":false},"excerpt":{"rendered":"<p>Banddriven gr\u00e4vskopa som enkelt styrs med ett handtag p\u00e5 kranen. Gr\u00e4varmen kan anv\u00e4ndas l\u00e5ngt under maskinens niv\u00e5 och skopan kan tas av. Larvbanden har \u00e4kta kedjel\u00e4nkar som kan f\u00f6rses med medf\u00f6ljande gummikl\u00e4dsel.<\/p>\n","protected":false},"featured_media":0,"template":"","meta":{"content-type":"","_monsterinsights_skip_tracking":false,"_monsterinsights_sitenote_active":false,"_monsterinsights_sitenote_note":"","_monsterinsights_sitenote_category":0},"product_brand":[],"product_cat":[823],"product_tag":[],"brand":[],"target-group":[],"discontinued":[],"class_list":{"0":"post-60856","1":"product","2":"type-product","3":"status-publish","5":"product_cat-bruder","7":"first","8":"outofstock","9":"taxable","10":"shipping-taxable","11":"product-type-simple"},"aioseo_notices":[],"_links":{"self":[{"href":"https:\/\/games.tactic.net\/sv\/wp-json\/wp\/v2\/product\/60856","targetHints":{"allow":["GET"]}}],"collection":[{"href":"https:\/\/games.tactic.net\/sv\/wp-json\/wp\/v2\/product"}],"about":[{"href":"https:\/\/games.tactic.net\/sv\/wp-json\/wp\/v2\/types\/product"}],"wp:attachment":[{"href":"https:\/\/games.tactic.net\/sv\/wp-json\/wp\/v2\/media?parent=60856"}],"wp:term":[{"taxonomy":"product_brand","embeddable":true,"href":"https:\/\/games.tactic.net\/sv\/wp-json\/wp\/v2\/product_brand?post=60856"},{"taxonomy":"product_cat","embeddable":true,"href":"https:\/\/games.tactic.net\/sv\/wp-json\/wp\/v2\/product_cat?post=60856"},{"taxonomy":"product_tag","embeddable":true,"href":"https:\/\/games.tactic.net\/sv\/wp-json\/wp\/v2\/product_tag?post=60856"},{"taxonomy":"brand","embeddable":true,"href":"https:\/\/games.tactic.net\/sv\/wp-json\/wp\/v2\/brand?post=60856"},{"taxonomy":"target-group","embeddable":true,"href":"https:\/\/games.tactic.net\/sv\/wp-json\/wp\/v2\/target-group?post=60856"},{"taxonomy":"discontinued","embeddable":true,"href":"https:\/\/games.tactic.net\/sv\/wp-json\/wp\/v2\/discontinued?post=60856"}],"curies":[{"name":"wp","href":"https:\/\/api.w.org\/{rel}","templated":true}]}}