{"id":60855,"date":"2021-02-16T11:00:02","date_gmt":"2021-02-16T09:00:02","guid":{"rendered":"https:\/\/dev.tactic.net\/tuote\/cat-vaghyvel\/"},"modified":"2021-02-16T11:00:02","modified_gmt":"2021-02-16T09:00:02","slug":"cat-vaghyvel","status":"publish","type":"product","link":"https:\/\/games.tactic.net\/sv\/tuote\/cat-vaghyvel\/","title":{"rendered":"CAT V\u00e4ghyvel"},"content":{"rendered":"<p>Denna Caterpillar v\u00e4ghyvel anv\u00e4nder tv\u00e5 stora r\u00f6rliga blad och en h\u00f6j- och s\u00e4nkbar hyvel som j\u00e4mnar ut marken i olika niv\u00e5er. Den styrs med ett vred p\u00e5 fronten.<\/p>\n","protected":false},"excerpt":{"rendered":"<p>Denna Caterpillar v\u00e4ghyvel anv\u00e4nder tv\u00e5 stora r\u00f6rliga blad och en h\u00f6j- och s\u00e4nkbar hyvel som j\u00e4mnar ut marken i olika niv\u00e5er. Den styrs med ett vred p\u00e5 fronten.<\/p>\n","protected":false},"featured_media":0,"template":"","meta":{"content-type":"","_monsterinsights_skip_tracking":false,"_monsterinsights_sitenote_active":false,"_monsterinsights_sitenote_note":"","_monsterinsights_sitenote_category":0},"product_brand":[],"product_cat":[823],"product_tag":[],"brand":[],"target-group":[],"discontinued":[],"class_list":{"0":"post-60855","1":"product","2":"type-product","3":"status-publish","5":"product_cat-bruder","7":"first","8":"outofstock","9":"taxable","10":"shipping-taxable","11":"product-type-simple"},"aioseo_notices":[],"_links":{"self":[{"href":"https:\/\/games.tactic.net\/sv\/wp-json\/wp\/v2\/product\/60855","targetHints":{"allow":["GET"]}}],"collection":[{"href":"https:\/\/games.tactic.net\/sv\/wp-json\/wp\/v2\/product"}],"about":[{"href":"https:\/\/games.tactic.net\/sv\/wp-json\/wp\/v2\/types\/product"}],"wp:attachment":[{"href":"https:\/\/games.tactic.net\/sv\/wp-json\/wp\/v2\/media?parent=60855"}],"wp:term":[{"taxonomy":"product_brand","embeddable":true,"href":"https:\/\/games.tactic.net\/sv\/wp-json\/wp\/v2\/product_brand?post=60855"},{"taxonomy":"product_cat","embeddable":true,"href":"https:\/\/games.tactic.net\/sv\/wp-json\/wp\/v2\/product_cat?post=60855"},{"taxonomy":"product_tag","embeddable":true,"href":"https:\/\/games.tactic.net\/sv\/wp-json\/wp\/v2\/product_tag?post=60855"},{"taxonomy":"brand","embeddable":true,"href":"https:\/\/games.tactic.net\/sv\/wp-json\/wp\/v2\/brand?post=60855"},{"taxonomy":"target-group","embeddable":true,"href":"https:\/\/games.tactic.net\/sv\/wp-json\/wp\/v2\/target-group?post=60855"},{"taxonomy":"discontinued","embeddable":true,"href":"https:\/\/games.tactic.net\/sv\/wp-json\/wp\/v2\/discontinued?post=60855"}],"curies":[{"name":"wp","href":"https:\/\/api.w.org\/{rel}","templated":true}]}}