{"id":60854,"date":"2021-02-16T10:59:59","date_gmt":"2021-02-16T08:59:59","guid":{"rendered":"https:\/\/dev.tactic.net\/tuote\/cat-asphalt-vagvalt\/"},"modified":"2023-10-20T15:33:13","modified_gmt":"2023-10-20T12:33:13","slug":"cat-asphalt-vagvalt","status":"publish","type":"product","link":"https:\/\/games.tactic.net\/sv\/tuote\/cat-asphalt-vagvalt\/","title":{"rendered":"Bruder CAT Asfaltv\u00e4lt leksak"},"content":{"rendered":"<p>Cat\u00ae Asfaltv\u00e4lt \u00e4r byggd f\u00f6r sm\u00e5 v\u00e4garbeten och byggplatser. Tack vare sn\u00e4v sv\u00e4ngradie man\u00f6vrerar den smidigt. BRUDER:s modell \u00e4r en detaljerad kopia av originalet \u2013 komplett med handbroms och bultar i valsarna. Passar perfekt ihop med Cat\u00ae kompaktlastare (art.nr. 02481\/02482) och Schaeff minigr\u00e4vare HR16 (art.nr. 02432).<\/p>\n","protected":false},"excerpt":{"rendered":"<p>Cat\u00ae Asfaltsv\u00e4lt \u00e4r perfekt f\u00f6r sm\u00e5 byggarbetsplatser. Med sn\u00e4v v\u00e4ndradie och exakt styrning \u00e4r BRUDER:s modell en verklighetstrogen replika.<\/p>\n","protected":false},"featured_media":0,"template":"","meta":{"content-type":"","_monsterinsights_skip_tracking":false,"_monsterinsights_sitenote_active":false,"_monsterinsights_sitenote_note":"","_monsterinsights_sitenote_category":0},"product_brand":[],"product_cat":[823],"product_tag":[],"brand":[],"target-group":[],"discontinued":[],"class_list":{"0":"post-60854","1":"product","2":"type-product","3":"status-publish","5":"product_cat-bruder","7":"first","8":"instock","9":"taxable","10":"shipping-taxable","11":"product-type-simple"},"aioseo_notices":[],"_links":{"self":[{"href":"https:\/\/games.tactic.net\/sv\/wp-json\/wp\/v2\/product\/60854","targetHints":{"allow":["GET"]}}],"collection":[{"href":"https:\/\/games.tactic.net\/sv\/wp-json\/wp\/v2\/product"}],"about":[{"href":"https:\/\/games.tactic.net\/sv\/wp-json\/wp\/v2\/types\/product"}],"wp:attachment":[{"href":"https:\/\/games.tactic.net\/sv\/wp-json\/wp\/v2\/media?parent=60854"}],"wp:term":[{"taxonomy":"product_brand","embeddable":true,"href":"https:\/\/games.tactic.net\/sv\/wp-json\/wp\/v2\/product_brand?post=60854"},{"taxonomy":"product_cat","embeddable":true,"href":"https:\/\/games.tactic.net\/sv\/wp-json\/wp\/v2\/product_cat?post=60854"},{"taxonomy":"product_tag","embeddable":true,"href":"https:\/\/games.tactic.net\/sv\/wp-json\/wp\/v2\/product_tag?post=60854"},{"taxonomy":"brand","embeddable":true,"href":"https:\/\/games.tactic.net\/sv\/wp-json\/wp\/v2\/brand?post=60854"},{"taxonomy":"target-group","embeddable":true,"href":"https:\/\/games.tactic.net\/sv\/wp-json\/wp\/v2\/target-group?post=60854"},{"taxonomy":"discontinued","embeddable":true,"href":"https:\/\/games.tactic.net\/sv\/wp-json\/wp\/v2\/discontinued?post=60854"}],"curies":[{"name":"wp","href":"https:\/\/api.w.org\/{rel}","templated":true}]}}